{"id":5641,"date":"2019-10-22T16:19:01","date_gmt":"2019-10-22T15:19:01","guid":{"rendered":"http:\/\/themes.eovo.uk\/turez\/?page_id=5641"},"modified":"2022-01-14T15:33:34","modified_gmt":"2022-01-14T15:33:34","slug":"about-us","status":"publish","type":"page","link":"https:\/\/www.biancaneveboutique.com\/fr\/about-us\/","title":{"rendered":"Qui sommes-nous ?"},"content":{"rendered":"<div class=\"ghostkit-grid ghostkit-grid-gap-no ghostkit-grid-with-bg radial-black ghostkit-custom-15HmTK\"><div class=\"nk-awb alignfull\"><div class=\"nk-awb-wrap\" data-awb-type=\"image\" data-awb-image-background-size=\"cover\" data-awb-image-background-position=\"52% 2%\"><div class=\"nk-awb-overlay\" style=\"background-color: rgba(0, 0, 0, 0.43);\"><\/div><div class=\"nk-awb-inner\"><img loading=\"lazy\" decoding=\"async\" src=\"https:\/\/www.biancaneveboutique.com\/wp-content\/uploads\/2021\/12\/AboutUs-Banner.jpg\" class=\"wp-image-7464 jarallax-img\" width=\"2000\" height=\"1029\" srcset=\"https:\/\/www.biancaneveboutique.com\/wp-content\/uploads\/2021\/12\/AboutUs-Banner.jpg 2000w, https:\/\/www.biancaneveboutique.com\/wp-content\/uploads\/2021\/12\/AboutUs-Banner-300x154.jpg 300w, https:\/\/www.biancaneveboutique.com\/wp-content\/uploads\/2021\/12\/AboutUs-Banner-1024x527.jpg 1024w, https:\/\/www.biancaneveboutique.com\/wp-content\/uploads\/2021\/12\/AboutUs-Banner-768x395.jpg 768w, https:\/\/www.biancaneveboutique.com\/wp-content\/uploads\/2021\/12\/AboutUs-Banner-1536x790.jpg 1536w, https:\/\/www.biancaneveboutique.com\/wp-content\/uploads\/2021\/12\/AboutUs-Banner-500x257.jpg 500w, https:\/\/www.biancaneveboutique.com\/wp-content\/uploads\/2021\/12\/AboutUs-Banner-800x412.jpg 800w, https:\/\/www.biancaneveboutique.com\/wp-content\/uploads\/2021\/12\/AboutUs-Banner-1280x659.jpg 1280w, https:\/\/www.biancaneveboutique.com\/wp-content\/uploads\/2021\/12\/AboutUs-Banner-1920x988.jpg 1920w\" sizes=\"(max-width: 2000px) 100vw, 2000px\" \/><\/div><\/div><\/div><div class=\"ghostkit-grid-inner\">\n<div class=\"ghostkit-col ghostkit-col-12 tofront\"><div class=\"ghostkit-col-content is-layout-flow wp-block-grid-column-is-layout-flow\">\n<h5 class=\"has-text-align-right is-style-spaced ghostkit-custom-4XdGO wp-block-heading\"><span class=\"color\" style=\"color:#c6c4c4\">QUI SOMMES NOUS<\/span><\/h5>\n\n\n\n<h2 class=\"has-text-align-right is-style-default ghostkit-custom-6F9UP wp-block-heading\"><span class=\"color\" style=\"color:#fff\">DES EXPERTS PASSIONN\u00c9S<\/span><br><span class=\"color\" style=\"color:#fff\">DE ROBES DE MARI\u00c9E<\/span><\/h2>\n\n\n\n<p class=\"has-text-align-right ghostkit-custom-1TGyaA\" style=\"font-size:18px\"><span class=\"color\" style=\"color:#949494\">Pour apporter le bonheur au moment inoubliable  <br>de la vie d\u2019une mari\u00e9e.<\/span><\/p>\n<\/div><\/div>\n<\/div><\/div>\n\n\n\n<div class=\"ghostkit-grid ghostkit-grid-gap-lg ghostkit-grid-with-bg ghostkit-custom-1oyH6b\"><div class=\"nk-awb alignfull\"><div class=\"nk-awb-wrap\" data-awb-type=\"color\"><div class=\"nk-awb-overlay\" style=\"background-color: #000000;\"><\/div><\/div><\/div><div class=\"ghostkit-grid-inner\">\n<div class=\"ghostkit-col ghostkit-col-lg-12 ghostkit-col-4\"><div class=\"ghostkit-col-content is-layout-flow wp-block-grid-column-is-layout-flow\">\n<h6 class=\"is-style-spaced wp-block-heading\"><span class=\"color\" style=\"color:#b2b2b2\">Nous aimons vraiment ce que nous faisons !<\/span><\/h6>\n\n\n\n<h4 data-gkt-effects=\"{&quot;reveal&quot;:{&quot;x&quot;:0,&quot;y&quot;:0,&quot;opacity&quot;:0,&quot;scale&quot;:1,&quot;transition&quot;:{&quot;type&quot;:&quot;easing&quot;,&quot;duration&quot;:0.9,&quot;delay&quot;:0}}}\" class=\"ghostkit-custom-199r1L wp-block-heading\" ><span class=\"color\" style=\"color:#ffffff\">Chaque personne est unique dans tous les sens du terme, tout comme ses souhaits et ses r\u00eaves.<\/span><\/h4>\n<\/div><\/div>\n\n\n\n<div class=\"ghostkit-col ghostkit-col-lg-12 ghostkit-col-4\"><div class=\"ghostkit-col-content is-layout-flow wp-block-grid-column-is-layout-flow\">\n<p class=\"has-text-align-left ghostkit-custom-Z19ht8\" style=\"font-size:18px\"><span class=\"color\" style=\"color:#949494\">Nous savons par notre exp\u00e9rience que nous pouvons vous aider \u00e0 r\u00e9aliser votre r\u00eave ; pour avoir LA robe de mari\u00e9e pour votre journ\u00e9e magique. Nous pensons que la robe de mari\u00e9e fait partie de votre personnalit\u00e9 et donc lors de l'un des jours les plus importants de votre vie, vous devriez vous sentir \u00e0 l'aise dans LA robe et exprimer votre style et votre style de vie.<\/span><\/p>\n<\/div><\/div>\n\n\n\n<div class=\"ghostkit-col ghostkit-col-lg-12 ghostkit-col-4\"><div class=\"ghostkit-col-content is-layout-flow wp-block-grid-column-is-layout-flow\">\n<p class=\"ghostkit-custom-2fNHp2\" style=\"font-size:18px\"><span class=\"color\" style=\"color:#949494\">Nos futures mari\u00e9es choisissent parmi diff\u00e9rentes \u00e9tiquettes dans notre boutique, des petites \u00e9tiquettes individuelles aux grandes marques internationales \u00e0 la haute couture. Le dicton dit que la future mari\u00e9e choisit la robe, mais nous pensons que la robe choisit la future mari\u00e9e.<\/span><\/p>\n<\/div><\/div>\n<\/div><\/div>\n\n\n\n<div class=\"ghostkit-grid ghostkit-grid-gap-lg ghostkit-grid-with-bg ghostkit-custom-2h3wc1\"><div class=\"nk-awb alignfull\"><div class=\"nk-awb-wrap\" data-awb-type=\"image\" data-awb-image-background-size=\"cover\" data-awb-image-background-position=\"50% 50%\" data-awb-parallax=\"scroll\" data-awb-parallax-speed=\"0.8\" data-awb-parallax-mobile=\"false\"><div class=\"nk-awb-inner\"><img loading=\"lazy\" decoding=\"async\" src=\"http:\/\/themes.eovo.uk\/turez\/wp-content\/uploads\/2019\/10\/backsquare2.jpg\" class=\"wp-image-3399 jarallax-img\" width=\"1600\" height=\"1600\" \/><\/div><\/div><\/div><div class=\"ghostkit-grid-inner\">\n<div class=\"ghostkit-col ghostkit-col-lg-12 ghostkit-col-6\"><div class=\"ghostkit-col-content is-layout-flow wp-block-grid-column-is-layout-flow\">\n<h5 data-gkt-effects=\"{&quot;reveal&quot;:{&quot;x&quot;:0,&quot;y&quot;:0,&quot;opacity&quot;:0,&quot;scale&quot;:1,&quot;transition&quot;:{&quot;type&quot;:&quot;easing&quot;,&quot;duration&quot;:0.9,&quot;delay&quot;:0}}}\" class=\"ghostkit-custom-Z1eURP7 wp-block-heading\" >N'h\u00e9sitez plus et prenez rendez-vous !!<\/h5>\n\n\n\n<p>Nous pouvons vous aider dans vos d\u00e9cisions ou pour toute question que vous pourriez avoir.<\/p>\n\n\n\n<p>Vous pouvez nous contacter soit par email : info@biancaneveboutique.com soit par t\u00e9l\u00e9phone : +352 621 157 052 ou +352 2633 1110<\/p>\n\n\n<div class=\"turez-block-arrow-link\">\n  <a class='animated-arrow' href='https:\/\/www.biancaneveboutique.com\/fr\/contact-us\/'>\n        <span class='the-arrow -left'>\n          <span class='shaft'><\/span>\n        <\/span>\n        <span class='main'>\n          <span class='text'>\n            Nous contacter          <\/span>\n          <span class='the-arrow -right'>\n            <span class='shaft'><\/span>\n          <\/span>\n        <\/span>\n      <\/a>\n<\/div>\n<\/div><\/div>\n\n\n\n<div class=\"ghostkit-col ghostkit-col-lg-12 ghostkit-col-6\"><div class=\"ghostkit-col-content is-layout-flow wp-block-grid-column-is-layout-flow\">\n<div data-gkt-effects=\"{&quot;reveal&quot;:{&quot;x&quot;:0,&quot;y&quot;:0,&quot;opacity&quot;:0,&quot;scale&quot;:1,&quot;transition&quot;:{&quot;type&quot;:&quot;easing&quot;,&quot;duration&quot;:0.9,&quot;delay&quot;:0}}}\" class=\"ghostkit-video\" data-video-type=\"yt_vm_video\" data-video=\"https:\/\/www.youtube.com\/watch?v=r60psr7p9bA\" data-video-aspect-ratio=\"4:3\" data-video-volume=\"29\" data-click-action=\"plain\" ><div class=\"ghostkit-video-poster\"><img loading=\"lazy\" decoding=\"async\" src=\"https:\/\/www.biancaneveboutique.com\/wp-content\/uploads\/2021\/12\/BiancaneveBoutique-appointment-1024x681.jpg\" class=\"wp-image-7427\" width=\"1024\" height=\"681\" srcset=\"https:\/\/www.biancaneveboutique.com\/wp-content\/uploads\/2021\/12\/BiancaneveBoutique-appointment-1024x681.jpg 1024w, https:\/\/www.biancaneveboutique.com\/wp-content\/uploads\/2021\/12\/BiancaneveBoutique-appointment-300x199.jpg 300w, https:\/\/www.biancaneveboutique.com\/wp-content\/uploads\/2021\/12\/BiancaneveBoutique-appointment-768x511.jpg 768w, https:\/\/www.biancaneveboutique.com\/wp-content\/uploads\/2021\/12\/BiancaneveBoutique-appointment-500x332.jpg 500w, https:\/\/www.biancaneveboutique.com\/wp-content\/uploads\/2021\/12\/BiancaneveBoutique-appointment-800x532.jpg 800w, https:\/\/www.biancaneveboutique.com\/wp-content\/uploads\/2021\/12\/BiancaneveBoutique-appointment-1280x851.jpg 1280w, https:\/\/www.biancaneveboutique.com\/wp-content\/uploads\/2021\/12\/BiancaneveBoutique-appointment.jpg 1536w\" sizes=\"(max-width: 1024px) 100vw, 1024px\" \/><\/div><div class=\"ghostkit-video-play-icon\"><svg class=\"ghostkit-svg-icon\" width=\"24\" height=\"24\" viewbox=\"0 0 24 24\" fill=\"none\" xmlns=\"http:\/\/www.w3.org\/2000\/svg\"><path d=\"M5 4.83167C5 4.0405 5.87525 3.56266 6.54076 3.99049L17.6915 11.1588C18.3038 11.5525 18.3038 12.4475 17.6915 12.8412L6.54076 20.0095C5.87525 20.4373 5 19.9595 5 19.1683V4.83167Z\" fill=\"currentColor\" stroke=\"currentColor\" stroke-width=\"1.5\" stroke-linecap=\"round\" stroke-linejoin=\"round\"\/><\/svg><\/div><div class=\"ghostkit-video-loading-icon\"><span class=\"ghostkit-svg-icon ghostkit-icon-spinner\"><\/span><\/div><\/div>\n<\/div><\/div>\n<\/div><\/div>\n\n\n\n<div class=\"ghostkit-grid ghostkit-grid-gap-lg ghostkit-grid-with-bg hide-back ghostkit-custom-JHPTU\"><div class=\"nk-awb alignfull\"><div class=\"nk-awb-wrap\" data-awb-type=\"image\" data-awb-image-background-size=\"cover\" data-awb-image-background-position=\"50% 21%\"><div class=\"nk-awb-overlay\" style=\"background-color: rgba(255, 255, 255, 0.61);\"><\/div><div class=\"nk-awb-inner\"><img loading=\"lazy\" decoding=\"async\" src=\"https:\/\/www.biancaneveboutique.com\/wp-content\/uploads\/2019\/10\/backsquare2-e1571915536701.jpg\" class=\"wp-image-3399 jarallax-img\" width=\"1060\" height=\"1600\" srcset=\"https:\/\/www.biancaneveboutique.com\/wp-content\/uploads\/2019\/10\/backsquare2-e1571915536701.jpg 1060w, https:\/\/www.biancaneveboutique.com\/wp-content\/uploads\/2019\/10\/backsquare2-e1571915536701-600x906.jpg 600w, https:\/\/www.biancaneveboutique.com\/wp-content\/uploads\/2019\/10\/backsquare2-e1571915536701-199x300.jpg 199w, https:\/\/www.biancaneveboutique.com\/wp-content\/uploads\/2019\/10\/backsquare2-e1571915536701-678x1024.jpg 678w, https:\/\/www.biancaneveboutique.com\/wp-content\/uploads\/2019\/10\/backsquare2-e1571915536701-768x1159.jpg 768w, https:\/\/www.biancaneveboutique.com\/wp-content\/uploads\/2019\/10\/backsquare2-e1571915536701-1018x1536.jpg 1018w, https:\/\/www.biancaneveboutique.com\/wp-content\/uploads\/2019\/10\/backsquare2-e1571915536701-500x755.jpg 500w, https:\/\/www.biancaneveboutique.com\/wp-content\/uploads\/2019\/10\/backsquare2-e1571915536701-800x1208.jpg 800w\" sizes=\"(max-width: 1060px) 100vw, 1060px\" \/><\/div><\/div><\/div><div class=\"ghostkit-grid-inner\">\n<div class=\"ghostkit-col ghostkit-col-md-12 ghostkit-col-6\"><div class=\"ghostkit-col-content is-layout-flow wp-block-grid-column-is-layout-flow\">\n<h2 data-gkt-effects=\"{&quot;reveal&quot;:{&quot;x&quot;:0,&quot;y&quot;:0,&quot;opacity&quot;:0,&quot;scale&quot;:1,&quot;transition&quot;:{&quot;type&quot;:&quot;easing&quot;,&quot;duration&quot;:0.9,&quot;delay&quot;:0}}}\" class=\"wp-block-heading\" >Qui sommes nous<\/h2>\n\n\n\n<p data-gkt-effects=\"{&quot;reveal&quot;:{&quot;x&quot;:0,&quot;y&quot;:0,&quot;opacity&quot;:0,&quot;scale&quot;:1,&quot;transition&quot;:{&quot;type&quot;:&quot;easing&quot;,&quot;duration&quot;:0.9,&quot;delay&quot;:0}}}\" >Biancaneve Bridal Boutique s&#039;est engag\u00e9e \u00e0 fournir aux mari\u00e9es les meilleures s\u00e9lections de robes qui ont \u00e9t\u00e9 soigneusement choisies par nos experts.<\/p>\n\n\n\n<p data-gkt-effects=\"{&quot;reveal&quot;:{&quot;x&quot;:0,&quot;y&quot;:0,&quot;opacity&quot;:0,&quot;scale&quot;:1,&quot;transition&quot;:{&quot;type&quot;:&quot;easing&quot;,&quot;duration&quot;:0.9,&quot;delay&quot;:0}}}\" >Notre empreinte de haute qualit\u00e9 et de confort, un service exceptionnel et personnalis\u00e9.<\/p>\n\n\n\n<p data-gkt-effects=\"{&quot;reveal&quot;:{&quot;x&quot;:0,&quot;y&quot;:0,&quot;opacity&quot;:0,&quot;scale&quot;:1,&quot;transition&quot;:{&quot;type&quot;:&quot;easing&quot;,&quot;duration&quot;:0.9,&quot;delay&quot;:0}}}\" > Notre mission est de guider la mari\u00e9e avec le plus grand professionnalisme pour trouver une robe de mari\u00e9e de r\u00eave parfaite pour un moment inoubliable de sa vie.<\/p>\n\n\n\n<p data-gkt-effects=\"{&quot;reveal&quot;:{&quot;x&quot;:0,&quot;y&quot;:0,&quot;opacity&quot;:0,&quot;scale&quot;:1,&quot;transition&quot;:{&quot;type&quot;:&quot;easing&quot;,&quot;duration&quot;:0.9,&quot;delay&quot;:0}}}\" >La signature de la boutique est que nos robes sont toujours en avance sur leur temps et les tendances en mati\u00e8re de v\u00eatements de mari\u00e9e.<\/p>\n\n\n<div class=\"turez-block-arrow-link\">\n  <a class='animated-arrow' href='https:\/\/www.biancaneveboutique.com\/fr\/contact-us\/'>\n        <span class='the-arrow -left'>\n          <span class='shaft'><\/span>\n        <\/span>\n        <span class='main'>\n          <span class='text'>\n            Nous contacter          <\/span>\n          <span class='the-arrow -right'>\n            <span class='shaft'><\/span>\n          <\/span>\n        <\/span>\n      <\/a>\n<\/div>\n<\/div><\/div>\n\n\n\n<div class=\"ghostkit-col ghostkit-col-md-12 ghostkit-col-6\"><div class=\"ghostkit-col-content is-layout-flow wp-block-grid-column-is-layout-flow\">\n<figure class=\"wp-block-image size-full\"><img loading=\"lazy\" decoding=\"async\" width=\"1000\" height=\"983\" src=\"https:\/\/www.biancaneveboutique.com\/wp-content\/uploads\/2021\/12\/about-biancaneve.jpg\" alt=\"\" class=\"wp-image-7436\" srcset=\"https:\/\/www.biancaneveboutique.com\/wp-content\/uploads\/2021\/12\/about-biancaneve.jpg 1000w, https:\/\/www.biancaneveboutique.com\/wp-content\/uploads\/2021\/12\/about-biancaneve-300x295.jpg 300w, https:\/\/www.biancaneveboutique.com\/wp-content\/uploads\/2021\/12\/about-biancaneve-768x755.jpg 768w, https:\/\/www.biancaneveboutique.com\/wp-content\/uploads\/2021\/12\/about-biancaneve-500x492.jpg 500w, https:\/\/www.biancaneveboutique.com\/wp-content\/uploads\/2021\/12\/about-biancaneve-800x786.jpg 800w\" sizes=\"(max-width: 1000px) 100vw, 1000px\" \/><\/figure>\n<\/div><\/div>\n<\/div><\/div>","protected":false},"excerpt":{"rendered":"","protected":false},"author":1,"featured_media":3298,"parent":0,"menu_order":0,"comment_status":"closed","ping_status":"closed","template":"","meta":{"_uag_custom_page_level_css":"","ghostkit_customizer_options":"","ghostkit_custom_css":"","ghostkit_custom_js_head":"","ghostkit_custom_js_foot":"","ghostkit_typography":"","footnotes":""},"class_list":["post-5641","page","type-page","status-publish","has-post-thumbnail","hentry"],"aioseo_notices":[],"uagb_featured_image_src":{"full":["https:\/\/www.biancaneveboutique.com\/wp-content\/uploads\/2019\/10\/weddingstock-001.jpeg",1800,1088,false],"thumbnail":["https:\/\/www.biancaneveboutique.com\/wp-content\/uploads\/2019\/10\/weddingstock-001-150x150.jpeg",150,150,true],"medium":["https:\/\/www.biancaneveboutique.com\/wp-content\/uploads\/2019\/10\/weddingstock-001-300x181.jpeg",300,181,true],"medium_large":["https:\/\/www.biancaneveboutique.com\/wp-content\/uploads\/2019\/10\/weddingstock-001-768x464.jpeg",768,464,true],"large":["https:\/\/www.biancaneveboutique.com\/wp-content\/uploads\/2019\/10\/weddingstock-001-1024x619.jpeg",1024,619,true],"1536x1536":["https:\/\/www.biancaneveboutique.com\/wp-content\/uploads\/2019\/10\/weddingstock-001-1536x928.jpeg",1536,928,true],"2048x2048":["https:\/\/www.biancaneveboutique.com\/wp-content\/uploads\/2019\/10\/weddingstock-001.jpeg",1800,1088,false],"trp-custom-language-flag":["https:\/\/www.biancaneveboutique.com\/wp-content\/uploads\/2019\/10\/weddingstock-001.jpeg",18,12,false],"turez_blog_thumb_1":["https:\/\/www.biancaneveboutique.com\/wp-content\/uploads\/2019\/10\/weddingstock-001-800x1088.jpeg",800,1088,true],"awb_sm":["https:\/\/www.biancaneveboutique.com\/wp-content\/uploads\/2019\/10\/weddingstock-001-500x302.jpeg",500,302,true],"awb_md":["https:\/\/www.biancaneveboutique.com\/wp-content\/uploads\/2019\/10\/weddingstock-001-800x484.jpeg",800,484,true],"awb_lg":["https:\/\/www.biancaneveboutique.com\/wp-content\/uploads\/2019\/10\/weddingstock-001-1280x774.jpeg",1280,774,true],"awb_xl":["https:\/\/www.biancaneveboutique.com\/wp-content\/uploads\/2019\/10\/weddingstock-001.jpeg",1800,1088,false]},"uagb_author_info":{"display_name":"digitalindia","author_link":"https:\/\/www.biancaneveboutique.com\/fr\/author\/digitalindia\/"},"uagb_comment_info":0,"uagb_excerpt":null,"_links":{"self":[{"href":"https:\/\/www.biancaneveboutique.com\/fr\/wp-json\/wp\/v2\/pages\/5641"}],"collection":[{"href":"https:\/\/www.biancaneveboutique.com\/fr\/wp-json\/wp\/v2\/pages"}],"about":[{"href":"https:\/\/www.biancaneveboutique.com\/fr\/wp-json\/wp\/v2\/types\/page"}],"author":[{"embeddable":true,"href":"https:\/\/www.biancaneveboutique.com\/fr\/wp-json\/wp\/v2\/users\/1"}],"replies":[{"embeddable":true,"href":"https:\/\/www.biancaneveboutique.com\/fr\/wp-json\/wp\/v2\/comments?post=5641"}],"version-history":[{"count":18,"href":"https:\/\/www.biancaneveboutique.com\/fr\/wp-json\/wp\/v2\/pages\/5641\/revisions"}],"predecessor-version":[{"id":8530,"href":"https:\/\/www.biancaneveboutique.com\/fr\/wp-json\/wp\/v2\/pages\/5641\/revisions\/8530"}],"wp:featuredmedia":[{"embeddable":true,"href":"https:\/\/www.biancaneveboutique.com\/fr\/wp-json\/wp\/v2\/media\/3298"}],"wp:attachment":[{"href":"https:\/\/www.biancaneveboutique.com\/fr\/wp-json\/wp\/v2\/media?parent=5641"}],"curies":[{"name":"wp","href":"https:\/\/api.w.org\/{rel}","templated":true}]}}