{"id":6525,"date":"2021-11-21T08:51:25","date_gmt":"2021-11-21T08:51:25","guid":{"rendered":"https:\/\/www.biancaneveboutique.com\/?page_id=6525"},"modified":"2021-11-21T08:54:13","modified_gmt":"2021-11-21T08:54:13","slug":"privacy-policy","status":"publish","type":"page","link":"https:\/\/www.biancaneveboutique.com\/fr\/privacy-policy\/","title":{"rendered":"Politique de confidentialit\u00e9"},"content":{"rendered":"<div class=\"ghostkit-grid ghostkit-grid-gap-md ghostkit-grid-with-bg ghostkit-custom-Z2mgPo5\"><div class=\"nk-awb alignfull\"><div class=\"nk-awb-wrap\" data-awb-type=\"image\" data-awb-image-background-size=\"cover\" data-awb-image-background-position=\"50% 50%\"><div class=\"nk-awb-overlay\" style=\"background-color: rgba(0, 0, 0, 0.9);\"><\/div><div class=\"nk-awb-inner\"><img loading=\"lazy\" decoding=\"async\" src=\"https:\/\/www.biancaneveboutique.com\/wp-content\/uploads\/2019\/10\/posh-texture.jpg\" class=\"wp-image-3461 jarallax-img\" width=\"1600\" height=\"1161\" srcset=\"https:\/\/www.biancaneveboutique.com\/wp-content\/uploads\/2019\/10\/posh-texture.jpg 1600w, https:\/\/www.biancaneveboutique.com\/wp-content\/uploads\/2019\/10\/posh-texture-600x435.jpg 600w, https:\/\/www.biancaneveboutique.com\/wp-content\/uploads\/2019\/10\/posh-texture-300x218.jpg 300w, https:\/\/www.biancaneveboutique.com\/wp-content\/uploads\/2019\/10\/posh-texture-1024x743.jpg 1024w, https:\/\/www.biancaneveboutique.com\/wp-content\/uploads\/2019\/10\/posh-texture-768x557.jpg 768w, https:\/\/www.biancaneveboutique.com\/wp-content\/uploads\/2019\/10\/posh-texture-1536x1115.jpg 1536w, https:\/\/www.biancaneveboutique.com\/wp-content\/uploads\/2019\/10\/posh-texture-500x363.jpg 500w, https:\/\/www.biancaneveboutique.com\/wp-content\/uploads\/2019\/10\/posh-texture-800x581.jpg 800w, https:\/\/www.biancaneveboutique.com\/wp-content\/uploads\/2019\/10\/posh-texture-1280x929.jpg 1280w\" sizes=\"(max-width: 1600px) 100vw, 1600px\" \/><\/div><\/div><\/div><div class=\"ghostkit-grid-inner\">\n<div class=\"ghostkit-col ghostkit-col-12\"><div class=\"ghostkit-col-content is-layout-flow wp-block-grid-column-is-layout-flow\">\n<h2 class=\"has-text-align-center ghostkit-custom-1api9M wp-block-heading\"><span class=\"color\" style=\"color:#fff\">Politique de confidentialit\u00e9<\/span><\/h2>\n\n\n\n<div class=\"wp-block-image ghostkit-custom-Z1OQd7c\"><figure class=\"aligncenter is-resized\"><img loading=\"lazy\" decoding=\"async\" src=\"https:\/\/www.biancaneveboutique.com\/wp-content\/uploads\/2019\/10\/sep1-1.png\" alt=\"\" class=\"wp-image-5625\" width=\"300\" height=\"47\" srcset=\"https:\/\/www.biancaneveboutique.com\/wp-content\/uploads\/2019\/10\/sep1-1.png 600w, https:\/\/www.biancaneveboutique.com\/wp-content\/uploads\/2019\/10\/sep1-1-450x71.png 450w, https:\/\/www.biancaneveboutique.com\/wp-content\/uploads\/2019\/10\/sep1-1-300x47.png 300w, https:\/\/www.biancaneveboutique.com\/wp-content\/uploads\/2019\/10\/sep1-1-500x78.png 500w\" sizes=\"(max-width: 300px) 100vw, 300px\" \/><\/figure><\/div>\n<\/div><\/div>\n<\/div><\/div>\n\n\n\n<div class=\"ghostkit-accordion ghostkit-accordion-0\"><\/div>\n\n\n\n<div class=\"ghostkit-accordion ghostkit-accordion-0\"><\/div>\n\n\n\n<p><\/p>\n\n\n\n<p>Bienvenue \u00e0 <a href=\"https:\/\/www.biancaneveboutique.com\/fr\/\">https:\/\/www.biancaneveboutique.com\/<\/a> (le site&quot;). Nous comprenons que la confidentialit\u00e9 en ligne est importante pour les utilisateurs de notre site, en particulier lorsqu&#039;ils font des affaires. Cette d\u00e9claration r\u00e9git nos politiques de confidentialit\u00e9 en ce qui concerne les utilisateurs du site (\u00ab\u00a0Visiteurs\u00a0\u00bb) qui visitent sans effectuer de transactions commerciales et les visiteurs qui s&#039;inscrivent pour effectuer des transactions commerciales sur le site et utilisent les divers services offerts par Biancaneve Bridal Boutique (collectivement, &quot; Services \u00bb) (\u00ab Clients autoris\u00e9s \u00bb).<\/p>\n\n\n\n<h5 class=\"wp-block-heading\">\u00ab\u00a0Informations personnellement identifiables\u00a0\u00bb<\/h5>\n\n\n\n<p>fait r\u00e9f\u00e9rence \u00e0 toute information qui identifie ou peut \u00eatre utilis\u00e9e pour identifier, contacter ou localiser la personne \u00e0 laquelle ces informations se rapportent, y compris, mais sans s&#039;y limiter, le nom, l&#039;adresse, le num\u00e9ro de t\u00e9l\u00e9phone, le num\u00e9ro de fax, l&#039;adresse e-mail, les profils financiers, la s\u00e9curit\u00e9 sociale num\u00e9ro et les informations de carte de cr\u00e9dit. Les informations personnellement identifiables n&#039;incluent pas les informations collect\u00e9es de mani\u00e8re anonyme (c&#039;est-\u00e0-dire sans identification de l&#039;utilisateur individuel) ou les informations d\u00e9mographiques non li\u00e9es \u00e0 un individu identifi\u00e9.<\/p>\n\n\n\n<h5 class=\"wp-block-heading\">Quelles informations personnellement identifiables sont collect\u00e9es ?<\/h5>\n\n\n\n<p>Nous pouvons collecter des informations de base sur le profil d&#039;utilisateur de tous nos visiteurs.<\/p>\n\n\n\n<p>Nous recueillons les informations suppl\u00e9mentaires suivantes aupr\u00e8s de nos clients autoris\u00e9s\u00a0: les noms, adresses, num\u00e9ros de t\u00e9l\u00e9phone et adresses e-mail des clients autoris\u00e9s, la nature et la taille de l&#039;entreprise, et la nature et la taille de l&#039;inventaire publicitaire que le client autoris\u00e9 a l&#039;intention d&#039;acheter ou vendre.<\/p>\n\n\n\n<h5 class=\"wp-block-heading\">Quelles organisations collectent les informations ?<\/h5>\n\n\n\n<p>En plus de notre collecte directe d&#039;informations, nos fournisseurs de services tiers (tels que les soci\u00e9t\u00e9s de cartes de cr\u00e9dit, les chambres de compensation et les banques) qui peuvent fournir des services tels que les services de cr\u00e9dit, d&#039;assurance et de d\u00e9p\u00f4t fiduciaire peuvent collecter ces informations aupr\u00e8s de nos visiteurs et clients autoris\u00e9s. Nous ne contr\u00f4lons pas la fa\u00e7on dont ces tiers utilisent ces informations, mais nous leur demandons de divulguer comment ils utilisent les informations personnelles qui leur sont fournies par les visiteurs et les clients autoris\u00e9s. Certains de ces tiers peuvent \u00eatre des interm\u00e9diaires qui agissent uniquement en tant que maillons de la cha\u00eene de distribution et ne stockent, ne conservent ni n&#039;utilisent les informations qui leur sont fournies.<\/p>\n\n\n\n<h5 class=\"wp-block-heading\">Comment le site utilise-t-il les informations personnellement identifiables\u00a0?<\/h5>\n\n\n\n<p>Nous utilisons des informations personnellement identifiables pour personnaliser le site, pour proposer des offres de services appropri\u00e9es et pour r\u00e9pondre aux demandes d&#039;achat et de vente sur le site. Nous pouvons envoyer des e-mails aux visiteurs et aux clients autoris\u00e9s au sujet de la recherche ou des opportunit\u00e9s d&#039;achat et de vente sur le site ou des informations li\u00e9es \u00e0 l&#039;objet du site. Nous pouvons \u00e9galement utiliser des informations personnellement identifiables pour contacter les visiteurs et les clients autoris\u00e9s en r\u00e9ponse \u00e0 des demandes sp\u00e9cifiques, ou pour fournir les informations demand\u00e9es.<\/p>\n\n\n\n<h5 class=\"wp-block-heading\">Avec qui les informations peuvent-elles \u00eatre partag\u00e9es ?<\/h5>\n\n\n\n<p>Les informations personnellement identifiables sur les clients autoris\u00e9s peuvent \u00eatre partag\u00e9es avec d&#039;autres clients autoris\u00e9s qui souhaitent \u00e9valuer les transactions potentielles avec d&#039;autres clients autoris\u00e9s.<\/p>\n\n\n\n<p>Nous pouvons partager des informations agr\u00e9g\u00e9es sur nos visiteurs, y compris les donn\u00e9es d\u00e9mographiques de nos visiteurs et clients autoris\u00e9s, avec nos agences affili\u00e9es et fournisseurs tiers.<\/p>\n\n\n\n<p>Nous offrons \u00e9galement la possibilit\u00e9 de \u00ab refuser \u00bb de recevoir des informations ou d&#039;\u00eatre contact\u00e9 par nous ou par toute agence agissant en notre nom.<\/p>\n\n\n\n<h5 class=\"wp-block-heading\">Comment les informations personnellement identifiables sont-elles stock\u00e9es ?<\/h5>\n\n\n\n<p>Les informations personnellement identifiables collect\u00e9es par Biancaneve Bridal Boutique sont stock\u00e9es de mani\u00e8re s\u00e9curis\u00e9e et ne sont pas accessibles aux tiers ou aux employ\u00e9s de Biancaneve Bridal Boutique, sauf pour une utilisation comme indiqu\u00e9 ci-dessus.<\/p>\n\n\n\n<h5 class=\"wp-block-heading\">Quels choix sont offerts aux visiteurs concernant la collecte, l&#039;utilisation et la distribution des informations\u00a0?<\/h5>\n\n\n\n<p>Les visiteurs et les clients autoris\u00e9s peuvent refuser de recevoir des informations non sollicit\u00e9es ou d&#039;\u00eatre contact\u00e9s par nous et\/ou nos fournisseurs et agences affili\u00e9es en r\u00e9pondant aux e-mails conform\u00e9ment aux instructions, ou en nous contactant \u00e0 l&#039;adresse<\/p>\n\n\n\n<h5 class=\"wp-block-heading\">Biscuits<\/h5>\n\n\n\n<p>Un cookie est une cha\u00eene d&#039;informations qu&#039;un site Web stocke sur l&#039;ordinateur d&#039;un visiteur et que le navigateur du visiteur fournit au site Web chaque fois que le visiteur revient.<\/p>\n\n\n\n<h5 class=\"wp-block-heading\">Des cookies sont-ils utilis\u00e9s sur le site ?<\/h5>\n\n\n\n<p>Les cookies sont utilis\u00e9s pour diverses raisons. Nous utilisons des cookies pour obtenir des informations sur les pr\u00e9f\u00e9rences de nos visiteurs et les services qu&#039;ils s\u00e9lectionnent. Nous utilisons \u00e9galement des cookies \u00e0 des fins de s\u00e9curit\u00e9 pour prot\u00e9ger nos clients autoris\u00e9s. Par exemple, si un client autoris\u00e9 est connect\u00e9 et que le site n&#039;est pas utilis\u00e9 pendant plus de 10 minutes, nous d\u00e9connecterons automatiquement le client autoris\u00e9. Les visiteurs qui ne souhaitent pas que des cookies soient plac\u00e9s sur leurs ordinateurs doivent configurer leur navigateur pour refuser les cookies avant d&#039;utiliser <a href=\"https:\/\/www.biancaneveboutique.com\/fr\/\">https:\/\/www.biancaneveboutique.com<\/a>, avec l&#039;inconv\u00e9nient que certaines fonctionnalit\u00e9s du site Web peuvent ne pas fonctionner correctement sans l&#039;aide de cookies.<\/p>\n\n\n\n<h5 class=\"wp-block-heading\">Cookies utilis\u00e9s par nos prestataires<\/h5>\n\n\n\n<p>Nos fournisseurs de services utilisent des cookies et ces cookies peuvent \u00eatre stock\u00e9s sur votre ordinateur lorsque vous visitez notre site Web. Vous pouvez trouver plus de d\u00e9tails sur les cookies utilis\u00e9s dans notre page d&#039;informations sur les cookies.<\/p>\n\n\n\n<h5 class=\"wp-block-heading\">Comment Biancaneve Bridal Boutique utilise-t-elle les informations de connexion ?<\/h5>\n\n\n\n<p>Biancaneve Bridal Boutique utilise les informations de connexion, y compris, mais sans s&#039;y limiter, les adresses IP, les FAI et les types de navigateurs, pour analyser les tendances, administrer le site, suivre les mouvements et l&#039;utilisation d&#039;un utilisateur et recueillir des informations d\u00e9mographiques g\u00e9n\u00e9rales.<\/p>\n\n\n\n<h5 class=\"wp-block-heading\">Quels partenaires ou fournisseurs de services ont acc\u00e8s aux informations personnellement identifiables des visiteurs et\/ou des clients autoris\u00e9s sur le site\u00a0?<\/h5>\n\n\n\n<p>Biancaneve Bridal Boutique a conclu et continuera de conclure des partenariats et d&#039;autres affiliations avec un certain nombre de fournisseurs. Ces fournisseurs peuvent avoir acc\u00e8s \u00e0 certaines informations personnellement identifiables sur la base de l&#039;\u00e9valuation des clients autoris\u00e9s pour l&#039;\u00e9ligibilit\u00e9 au service. Notre politique de confidentialit\u00e9 ne couvre pas leur collecte ou leur utilisation de ces informations. Divulgation d&#039;informations personnellement identifiables pour se conformer \u00e0 la loi. Nous divulguerons des informations personnellement identifiables afin de nous conformer \u00e0 une ordonnance du tribunal ou \u00e0 une citation \u00e0 compara\u00eetre ou \u00e0 une demande d&#039;un organisme charg\u00e9 de l&#039;application de la loi de divulguer des informations. Nous divulguerons \u00e9galement des informations personnellement identifiables lorsque cela est raisonnablement n\u00e9cessaire pour prot\u00e9ger la s\u00e9curit\u00e9 de nos visiteurs et clients autoris\u00e9s.<\/p>\n\n\n\n<h5 class=\"wp-block-heading\">Comment le site s\u00e9curise-t-il les informations personnellement identifiables\u00a0?<\/h5>\n\n\n\n<p>Tous nos employ\u00e9s connaissent notre politique et nos pratiques en mati\u00e8re de s\u00e9curit\u00e9. Les informations personnellement identifiables de nos visiteurs et clients autoris\u00e9s ne sont accessibles qu&#039;\u00e0 un nombre limit\u00e9 d&#039;employ\u00e9s qualifi\u00e9s qui re\u00e7oivent un mot de passe afin d&#039;acc\u00e9der aux informations. Nous auditons r\u00e9guli\u00e8rement nos syst\u00e8mes et processus de s\u00e9curit\u00e9. Les informations sensibles, telles que les num\u00e9ros de carte de cr\u00e9dit ou les num\u00e9ros de s\u00e9curit\u00e9 sociale, sont prot\u00e9g\u00e9es par des protocoles de cryptage, mis en place pour prot\u00e9ger les informations envoy\u00e9es sur Internet. Bien que nous prenions des mesures commercialement raisonnables pour maintenir un site s\u00e9curis\u00e9, les communications \u00e9lectroniques et les bases de donn\u00e9es sont sujettes \u00e0 des erreurs, des falsifications et des effractions, et nous ne pouvons garantir ou garantir que de tels \u00e9v\u00e9nements n&#039;auront pas lieu et nous ne serons pas responsables envers les visiteurs ou Clients autoris\u00e9s pour de tels \u00e9v\u00e9nements.<\/p>\n\n\n\n<h5 class=\"wp-block-heading\">Comment les visiteurs peuvent-ils corriger les inexactitudes dans les informations personnellement identifiables\u00a0?<\/h5>\n\n\n\n<p>Les visiteurs et les clients autoris\u00e9s peuvent nous contacter pour mettre \u00e0 jour les informations personnellement identifiables les concernant ou pour corriger toute inexactitude en nous envoyant un e-mail \u00e0 <a href=\"mailto:info@biancaneveboutique.com\">info@biancaneveboutique.com<\/a>.<\/p>\n\n\n\n<h5 class=\"wp-block-heading\">Un visiteur peut-il supprimer ou d\u00e9sactiver les informations personnellement identifiables collect\u00e9es par le site\u00a0?<\/h5>\n\n\n\n<p>Nous fournissons aux visiteurs et aux clients autoris\u00e9s un m\u00e9canisme pour supprimer\/d\u00e9sactiver les informations personnellement identifiables de la base de donn\u00e9es du site en les contactant. Cependant, en raison des sauvegardes et des enregistrements de suppressions, il peut \u00eatre impossible de supprimer l&#039;entr\u00e9e d&#039;un visiteur sans conserver certaines informations r\u00e9siduelles. Une personne qui demande la d\u00e9sactivation des informations personnellement identifiables verra ces informations supprim\u00e9es fonctionnellement, et nous ne vendrons, transf\u00e9rerons ni n&#039;utiliserons les informations personnellement identifiables relatives \u00e0 cette personne de quelque mani\u00e8re que ce soit \u00e0 l&#039;avenir.<\/p>\n\n\n\n<h5 class=\"wp-block-heading\">Tes droits<\/h5>\n\n\n\n<p>Ce sont des droits r\u00e9sum\u00e9s que vous avez en vertu de la loi sur la protection des donn\u00e9es<\/p>\n\n\n\n<ul class=\"wp-block-list\"><li>Le droit d&#039;acc\u00e8s<\/li><li>Le droit de rectification<\/li><li>Le droit \u00e0 l&#039;effacement<\/li><li>Le droit de restreindre le traitement<\/li><li>Le droit de s&#039;opposer au traitement<\/li><li>Le droit \u00e0 la portabilit\u00e9 des donn\u00e9es<\/li><li>Le droit de porter plainte aupr\u00e8s d&#039;une autorit\u00e9 de contr\u00f4le<\/li><li>Le droit de retirer son consentement<\/li><\/ul>\n\n\n\n<h5 class=\"wp-block-heading\">Que se passe-t-il si la politique de confidentialit\u00e9 change\u00a0?<\/h5>\n\n\n\n<p>Nous informerons nos visiteurs et clients autoris\u00e9s des modifications apport\u00e9es \u00e0 notre politique de confidentialit\u00e9 en publiant ces modifications sur le site. Cependant, si nous modifions notre politique de confidentialit\u00e9 d&#039;une mani\u00e8re qui pourrait entra\u00eener la divulgation d&#039;informations personnellement identifiables qu&#039;un visiteur ou un client autoris\u00e9 a pr\u00e9c\u00e9demment demand\u00e9 de ne pas divulguer, nous contacterons ce visiteur ou client autoris\u00e9 pour permettre \u00e0 ce visiteur ou client autoris\u00e9 d&#039;emp\u00eacher telle divulgation.<\/p>\n\n\n\n<h5 class=\"wp-block-heading\">Liens:<\/h5>\n\n\n\n<p><a href=\"https:\/\/www.biancaneveboutique.com\/fr\/\">https:\/\/www.biancaneveboutique.com\/<\/a> contient des liens vers d&#039;autres sites Web. Veuillez noter que lorsque vous cliquez sur l&#039;un de ces liens, vous vous d\u00e9placez vers un autre site Web. Nous vous encourageons \u00e0 lire les d\u00e9clarations de confidentialit\u00e9 de ces sites li\u00e9s, car leurs politiques de confidentialit\u00e9 peuvent diff\u00e9rer des n\u00f4tres.<\/p>","protected":false},"excerpt":{"rendered":"<p>Bienvenue sur https:\/\/www.biancaneveboutique.com\/ (le \u00ab Site \u00bb). Nous comprenons que la confidentialit\u00e9 en ligne est importante pour les utilisateurs de notre Site, en particulier lorsqu&#039;ils m\u00e8nent des activit\u00e9s commerciales. Cette d\u00e9claration r\u00e9git nos politiques de confidentialit\u00e9 \u00e0 l&#039;\u00e9gard des utilisateurs du Site (\u00ab Visiteurs \u00bb) qui visitent sans effectuer de transaction\u2026<\/p>","protected":false},"author":1,"featured_media":0,"parent":0,"menu_order":0,"comment_status":"closed","ping_status":"closed","template":"","meta":{"_uag_custom_page_level_css":"","ghostkit_customizer_options":"","ghostkit_custom_css":"","ghostkit_custom_js_head":"","ghostkit_custom_js_foot":"","ghostkit_typography":"","footnotes":""},"class_list":["post-6525","page","type-page","status-publish","hentry"],"aioseo_notices":[],"uagb_featured_image_src":{"full":false,"thumbnail":false,"medium":false,"medium_large":false,"large":false,"1536x1536":false,"2048x2048":false,"trp-custom-language-flag":false,"turez_blog_thumb_1":false,"awb_sm":false,"awb_md":false,"awb_lg":false,"awb_xl":false},"uagb_author_info":{"display_name":"digitalindia","author_link":"https:\/\/www.biancaneveboutique.com\/fr\/author\/digitalindia\/"},"uagb_comment_info":0,"uagb_excerpt":"Welcome to https:\/\/www.biancaneveboutique.com\/ (the \u201cSite\u201d). We understand that privacy online is important to users of our Site, especially when conducting business. This statement governs our privacy policies with respect to those users of the Site (\u201cVisitors\u201d) who visit without transacting ...","_links":{"self":[{"href":"https:\/\/www.biancaneveboutique.com\/fr\/wp-json\/wp\/v2\/pages\/6525"}],"collection":[{"href":"https:\/\/www.biancaneveboutique.com\/fr\/wp-json\/wp\/v2\/pages"}],"about":[{"href":"https:\/\/www.biancaneveboutique.com\/fr\/wp-json\/wp\/v2\/types\/page"}],"author":[{"embeddable":true,"href":"https:\/\/www.biancaneveboutique.com\/fr\/wp-json\/wp\/v2\/users\/1"}],"replies":[{"embeddable":true,"href":"https:\/\/www.biancaneveboutique.com\/fr\/wp-json\/wp\/v2\/comments?post=6525"}],"version-history":[{"count":2,"href":"https:\/\/www.biancaneveboutique.com\/fr\/wp-json\/wp\/v2\/pages\/6525\/revisions"}],"predecessor-version":[{"id":6528,"href":"https:\/\/www.biancaneveboutique.com\/fr\/wp-json\/wp\/v2\/pages\/6525\/revisions\/6528"}],"wp:attachment":[{"href":"https:\/\/www.biancaneveboutique.com\/fr\/wp-json\/wp\/v2\/media?parent=6525"}],"curies":[{"name":"wp","href":"https:\/\/api.w.org\/{rel}","templated":true}]}}