{"id":6529,"date":"2021-11-21T08:57:05","date_gmt":"2021-11-21T08:57:05","guid":{"rendered":"https:\/\/www.biancaneveboutique.com\/?page_id=6529"},"modified":"2021-11-21T08:58:10","modified_gmt":"2021-11-21T08:58:10","slug":"imprint","status":"publish","type":"page","link":"https:\/\/www.biancaneveboutique.com\/fr\/imprint\/","title":{"rendered":"Imprimer"},"content":{"rendered":"<div class=\"ghostkit-grid ghostkit-grid-gap-md ghostkit-grid-with-bg ghostkit-custom-Z2mgPo5\"><div class=\"nk-awb alignfull\"><div class=\"nk-awb-wrap\" data-awb-type=\"image\" data-awb-image-background-size=\"cover\" data-awb-image-background-position=\"50% 50%\"><div class=\"nk-awb-overlay\" style=\"background-color: rgba(0, 0, 0, 0.9);\"><\/div><div class=\"nk-awb-inner\"><img loading=\"lazy\" decoding=\"async\" src=\"https:\/\/www.biancaneveboutique.com\/wp-content\/uploads\/2019\/10\/posh-texture.jpg\" class=\"wp-image-3461 jarallax-img\" width=\"1600\" height=\"1161\" srcset=\"https:\/\/www.biancaneveboutique.com\/wp-content\/uploads\/2019\/10\/posh-texture.jpg 1600w, https:\/\/www.biancaneveboutique.com\/wp-content\/uploads\/2019\/10\/posh-texture-600x435.jpg 600w, https:\/\/www.biancaneveboutique.com\/wp-content\/uploads\/2019\/10\/posh-texture-300x218.jpg 300w, https:\/\/www.biancaneveboutique.com\/wp-content\/uploads\/2019\/10\/posh-texture-1024x743.jpg 1024w, https:\/\/www.biancaneveboutique.com\/wp-content\/uploads\/2019\/10\/posh-texture-768x557.jpg 768w, https:\/\/www.biancaneveboutique.com\/wp-content\/uploads\/2019\/10\/posh-texture-1536x1115.jpg 1536w, https:\/\/www.biancaneveboutique.com\/wp-content\/uploads\/2019\/10\/posh-texture-500x363.jpg 500w, https:\/\/www.biancaneveboutique.com\/wp-content\/uploads\/2019\/10\/posh-texture-800x581.jpg 800w, https:\/\/www.biancaneveboutique.com\/wp-content\/uploads\/2019\/10\/posh-texture-1280x929.jpg 1280w\" sizes=\"(max-width: 1600px) 100vw, 1600px\" \/><\/div><\/div><\/div><div class=\"ghostkit-grid-inner\">\n<div class=\"ghostkit-col ghostkit-col-12\"><div class=\"ghostkit-col-content is-layout-flow wp-block-grid-column-is-layout-flow\">\n<h2 class=\"has-text-align-center ghostkit-custom-1api9M wp-block-heading\"><span class=\"color\" style=\"color:#fff\">Imprimer<\/span><\/h2>\n\n\n\n<div class=\"wp-block-image ghostkit-custom-Z1OQd7c\"><figure class=\"aligncenter is-resized\"><img loading=\"lazy\" decoding=\"async\" src=\"https:\/\/www.biancaneveboutique.com\/wp-content\/uploads\/2019\/10\/sep1-1.png\" alt=\"\" class=\"wp-image-5625\" width=\"300\" height=\"47\" srcset=\"https:\/\/www.biancaneveboutique.com\/wp-content\/uploads\/2019\/10\/sep1-1.png 600w, https:\/\/www.biancaneveboutique.com\/wp-content\/uploads\/2019\/10\/sep1-1-450x71.png 450w, https:\/\/www.biancaneveboutique.com\/wp-content\/uploads\/2019\/10\/sep1-1-300x47.png 300w, https:\/\/www.biancaneveboutique.com\/wp-content\/uploads\/2019\/10\/sep1-1-500x78.png 500w\" sizes=\"(max-width: 300px) 100vw, 300px\" \/><\/figure><\/div>\n<\/div><\/div>\n<\/div><\/div>\n\n\n\n<div class=\"ghostkit-accordion ghostkit-accordion-0\"><\/div>\n\n\n\n<p><\/p>\n\n\n\n<p>Boutique de mariage Biancaneve<br>Karli Concept S.\u00e0 rl<br>n.m. 24 route de Luxembourg<br>Bereldange 7240 Luxembourg<\/p>\n\n\n\n<p><strong>E-mail<\/strong>: <a href=\"mailto:info@biancaneveboutique.com\">info@biancaneveboutique.com<\/a><br><strong>la toile<\/strong>: <a href=\"https:\/\/www.biancaneveboutique.com\/fr\/\">www.biancaneveboutique.com<\/a><\/p>\n\n\n\n<p><strong>T\u00e9l<\/strong>: +35 2621 157 052 | +35 2263 311 10<\/p>\n\n\n\n<p><strong>Avertissement<\/strong>: Malgr\u00e9 un contr\u00f4le minutieux, nous d\u00e9clinons toute responsabilit\u00e9 quant au contenu des liens externes mis \u00e0 disposition. Ces liens sont un \u00ab service d&#039;information uniquement \u00bb pour nos visiteurs. Il appartient donc \u00e0 nos visiteurs de d\u00e9terminer le contenu et l&#039;utilit\u00e9 des informations qu&#039;ils trouvent sur ces liens externes.<\/p>","protected":false},"excerpt":{"rendered":"<p>Biancaneve Bridal BoutiqueKarli Concept S.\u00e0 rln 24 route de LuxembourgBereldange 7240 Luxembourg Email: info@biancaneveboutique.comWeb: www.biancaneveboutique.com Tel: +35 2621 157 052 | +35 2263 311 10 Avertissement: Malgr\u00e9 un contr\u00f4le minutieux, nous n&#039;assumons aucune responsabilit\u00e9 quant au contenu des liens externes \u2026<\/p>","protected":false},"author":1,"featured_media":0,"parent":0,"menu_order":0,"comment_status":"closed","ping_status":"closed","template":"","meta":{"_uag_custom_page_level_css":"","ghostkit_customizer_options":"","ghostkit_custom_css":"","ghostkit_custom_js_head":"","ghostkit_custom_js_foot":"","ghostkit_typography":"","footnotes":""},"class_list":["post-6529","page","type-page","status-publish","hentry"],"aioseo_notices":[],"uagb_featured_image_src":{"full":false,"thumbnail":false,"medium":false,"medium_large":false,"large":false,"1536x1536":false,"2048x2048":false,"trp-custom-language-flag":false,"turez_blog_thumb_1":false,"awb_sm":false,"awb_md":false,"awb_lg":false,"awb_xl":false},"uagb_author_info":{"display_name":"digitalindia","author_link":"https:\/\/www.biancaneveboutique.com\/fr\/author\/digitalindia\/"},"uagb_comment_info":0,"uagb_excerpt":"Biancaneve Bridal BoutiqueKarli Concept S.\u00e0 r.l.n. 24 route de LuxembourgBereldange 7240 Luxembourg Email: info@biancaneveboutique.comWeb: www.biancaneveboutique.com Tel: +35 2621 157 052 | +35 2263 311 10 Disclaimer: Despite careful control we assume no liability for the content of the external links ...","_links":{"self":[{"href":"https:\/\/www.biancaneveboutique.com\/fr\/wp-json\/wp\/v2\/pages\/6529"}],"collection":[{"href":"https:\/\/www.biancaneveboutique.com\/fr\/wp-json\/wp\/v2\/pages"}],"about":[{"href":"https:\/\/www.biancaneveboutique.com\/fr\/wp-json\/wp\/v2\/types\/page"}],"author":[{"embeddable":true,"href":"https:\/\/www.biancaneveboutique.com\/fr\/wp-json\/wp\/v2\/users\/1"}],"replies":[{"embeddable":true,"href":"https:\/\/www.biancaneveboutique.com\/fr\/wp-json\/wp\/v2\/comments?post=6529"}],"version-history":[{"count":3,"href":"https:\/\/www.biancaneveboutique.com\/fr\/wp-json\/wp\/v2\/pages\/6529\/revisions"}],"predecessor-version":[{"id":6532,"href":"https:\/\/www.biancaneveboutique.com\/fr\/wp-json\/wp\/v2\/pages\/6529\/revisions\/6532"}],"wp:attachment":[{"href":"https:\/\/www.biancaneveboutique.com\/fr\/wp-json\/wp\/v2\/media?parent=6529"}],"curies":[{"name":"wp","href":"https:\/\/api.w.org\/{rel}","templated":true}]}}