{"id":6636,"date":"2021-11-25T16:40:13","date_gmt":"2021-11-25T16:40:13","guid":{"rendered":"https:\/\/www.biancaneveboutique.com\/?page_id=6636"},"modified":"2021-12-06T04:04:21","modified_gmt":"2021-12-06T04:04:21","slug":"terms-of-use","status":"publish","type":"page","link":"https:\/\/www.biancaneveboutique.com\/fr\/terms-of-use\/","title":{"rendered":"Conditions d&#039;utilisation"},"content":{"rendered":"<div class=\"ghostkit-grid ghostkit-grid-gap-md ghostkit-grid-with-bg ghostkit-custom-Z2mgPo5\"><div class=\"nk-awb alignfull\"><div class=\"nk-awb-wrap\" data-awb-type=\"image\" data-awb-image-background-size=\"cover\" data-awb-image-background-position=\"50% 50%\"><div class=\"nk-awb-overlay\" style=\"background-color: rgba(0, 0, 0, 0.9);\"><\/div><div class=\"nk-awb-inner\"><img loading=\"lazy\" decoding=\"async\" src=\"https:\/\/www.biancaneveboutique.com\/wp-content\/uploads\/2019\/10\/posh-texture.jpg\" class=\"wp-image-3461 jarallax-img\" width=\"1600\" height=\"1161\" srcset=\"https:\/\/www.biancaneveboutique.com\/wp-content\/uploads\/2019\/10\/posh-texture.jpg 1600w, https:\/\/www.biancaneveboutique.com\/wp-content\/uploads\/2019\/10\/posh-texture-600x435.jpg 600w, https:\/\/www.biancaneveboutique.com\/wp-content\/uploads\/2019\/10\/posh-texture-300x218.jpg 300w, https:\/\/www.biancaneveboutique.com\/wp-content\/uploads\/2019\/10\/posh-texture-1024x743.jpg 1024w, https:\/\/www.biancaneveboutique.com\/wp-content\/uploads\/2019\/10\/posh-texture-768x557.jpg 768w, https:\/\/www.biancaneveboutique.com\/wp-content\/uploads\/2019\/10\/posh-texture-1536x1115.jpg 1536w, https:\/\/www.biancaneveboutique.com\/wp-content\/uploads\/2019\/10\/posh-texture-500x363.jpg 500w, https:\/\/www.biancaneveboutique.com\/wp-content\/uploads\/2019\/10\/posh-texture-800x581.jpg 800w, https:\/\/www.biancaneveboutique.com\/wp-content\/uploads\/2019\/10\/posh-texture-1280x929.jpg 1280w\" sizes=\"(max-width: 1600px) 100vw, 1600px\" \/><\/div><\/div><\/div><div class=\"ghostkit-grid-inner\">\n<div class=\"ghostkit-col ghostkit-col-12\"><div class=\"ghostkit-col-content is-layout-flow wp-block-grid-column-is-layout-flow\">\n<h2 class=\"has-text-align-center ghostkit-custom-1api9M wp-block-heading\"><span class=\"color\" style=\"color:#fff\">Conditions d&#039;utilisation<\/span><\/h2>\n\n\n\n<div class=\"wp-block-image ghostkit-custom-Z1OQd7c\"><figure class=\"aligncenter is-resized\"><img loading=\"lazy\" decoding=\"async\" src=\"https:\/\/www.biancaneveboutique.com\/wp-content\/uploads\/2019\/10\/sep1-1.png\" alt=\"\" class=\"wp-image-5625\" width=\"300\" height=\"47\" srcset=\"https:\/\/www.biancaneveboutique.com\/wp-content\/uploads\/2019\/10\/sep1-1.png 600w, https:\/\/www.biancaneveboutique.com\/wp-content\/uploads\/2019\/10\/sep1-1-450x71.png 450w, https:\/\/www.biancaneveboutique.com\/wp-content\/uploads\/2019\/10\/sep1-1-300x47.png 300w, https:\/\/www.biancaneveboutique.com\/wp-content\/uploads\/2019\/10\/sep1-1-500x78.png 500w\" sizes=\"(max-width: 300px) 100vw, 300px\" \/><\/figure><\/div>\n<\/div><\/div>\n<\/div><\/div>\n\n\n\n<div class=\"ghostkit-accordion ghostkit-accordion-0\"><\/div>\n\n\n\n<div class=\"ghostkit-accordion ghostkit-accordion-0\"><\/div>\n\n\n\n<p><\/p>\n\n\n\n<p>Date d&#039;entr\u00e9e en vigueur \u2013 6 d\u00e9cembre 2021<\/p>\n\n\n\n<p>Les pr\u00e9sentes conditions r\u00e9gissent votre acc\u00e8s et votre utilisation de tout le contenu, produit et services disponibles sur le site Web https:\/\/biancaneveboutique.com (le \u00ab\u00a0service\u00a0\u00bb) exploit\u00e9 par Biancaneve Bridal Boutique (\u00ab\u00a0nous\u00a0\u00bb, \u00ab\u00a0nous\u00a0\u00bb ou \u00ab\u00a0notre\u00a0\u00bb). .<\/p>\n\n\n\n<p>Votre acc\u00e8s \u00e0 nos services est soumis \u00e0 votre acceptation, sans modification, de tous les termes et conditions contenus dans les pr\u00e9sentes et de toutes les autres r\u00e8gles et politiques de fonctionnement publi\u00e9es et qui peuvent \u00eatre publi\u00e9es de temps \u00e0 autre par nous.<\/p>\n\n\n\n<p>Veuillez lire attentivement l&#039;Accord avant d&#039;acc\u00e9der ou d&#039;utiliser nos Services. En acc\u00e9dant ou en utilisant une partie de nos Services, vous acceptez d&#039;\u00eatre li\u00e9 par ces Conditions. Si vous n&#039;acceptez aucune partie des termes de l&#039;Accord, vous ne pouvez pas acc\u00e9der ou utiliser nos Services.<\/p>\n\n\n\n<h5 class=\"wp-block-heading\">Propri\u00e9t\u00e9 intellectuelle<\/h5>\n\n\n\n<p>L&#039;Accord ne transf\u00e8re de Nous \u00e0 vous aucune propri\u00e9t\u00e9 intellectuelle de la n\u00f4tre ou de celle d&#039;un tiers, et tous les droits, titres et int\u00e9r\u00eats dans et sur cette propri\u00e9t\u00e9 resteront (entre les parties) uniquement avec Biancaneve Bridal Boutique et ses conc\u00e9dants de licence.<\/p>\n\n\n\n<h5 class=\"wp-block-heading\">Services tiers<\/h5>\n\n\n\n<p>En utilisant les Services, vous pouvez utiliser des services, produits, logiciels, int\u00e9grations ou applications tiers d\u00e9velopp\u00e9s par un tiers (\u00ab\u00a0Services tiers\u00a0\u00bb).<\/p>\n\n\n\n<p>Si vous utilisez des services tiers, vous comprenez que\u00a0:<\/p>\n\n\n\n<ul class=\"wp-block-list\"><li>Toute utilisation d&#039;un service tiers est \u00e0 vos risques et p\u00e9rils, et nous ne serons pas responsables envers quiconque des sites Web ou services tiers.<\/li><li>Vous reconnaissez et acceptez que nous ne serons pas responsables de tout dommage ou perte caus\u00e9 ou pr\u00e9sum\u00e9 \u00eatre caus\u00e9 par ou en relation avec l&#039;utilisation de tout contenu, biens ou services disponibles sur ou via de tels sites Web ou services.<\/li><\/ul>\n\n\n\n<h5 class=\"wp-block-heading\">Comptes<\/h5>\n\n\n\n<p>Lorsque l&#039;utilisation de toute partie de nos Services n\u00e9cessite un compte, vous acceptez de nous fournir des informations compl\u00e8tes et exactes lorsque vous vous inscrivez pour un compte.<\/p>\n\n\n\n<p>Vous serez seul responsable de toute activit\u00e9 qui se produit sous votre compte. Vous \u00eates responsable de la mise \u00e0 jour des informations de votre compte et de la s\u00e9curit\u00e9 de votre mot de passe.<\/p>\n\n\n\n<p>Vous \u00eates responsable du maintien de la s\u00e9curit\u00e9 de votre compte que vous utilisez pour acc\u00e9der au Service. Vous ne devez pas partager ou abuser de vos identifiants d&#039;acc\u00e8s. Vous devez nous informer imm\u00e9diatement de toute utilisation non autoris\u00e9e de votre compte ou d\u00e8s que vous avez connaissance de toute autre violation de la s\u00e9curit\u00e9.<\/p>\n\n\n\n<h5 class=\"wp-block-heading\">R\u00e9siliation<\/h5>\n\n\n\n<p>Nous pouvons r\u00e9silier ou suspendre votre acc\u00e8s \u00e0 tout ou partie de nos Services \u00e0 tout moment, avec ou sans motif, avec ou sans pr\u00e9avis, avec effet imm\u00e9diat.<\/p>\n\n\n\n<p>Si vous souhaitez r\u00e9silier le Contrat ou votre compte Biancaneve Bridal Boutique, vous pouvez simplement cesser d&#039;utiliser nos Services.<\/p>\n\n\n\n<p>Toutes les dispositions de l&#039;Accord qui, de par leur nature, devraient survivre \u00e0 la r\u00e9siliation survivront \u00e0 la r\u00e9siliation, y compris, sans s&#039;y limiter, les dispositions relatives \u00e0 la propri\u00e9t\u00e9, les exclusions de garantie, les indemnit\u00e9s et les limitations de responsabilit\u00e9.<\/p>\n\n\n\n<h5 class=\"wp-block-heading\">Changements<\/h5>\n\n\n\n<p>Biancaneve Bridal Boutique se r\u00e9serve le droit, \u00e0 notre seule discr\u00e9tion, de modifier ou de remplacer les pr\u00e9sentes Conditions \u00e0 tout moment.<\/p>\n\n\n\n<p>Si nous apportons des modifications importantes, nous vous en informerons en les publiant sur notre site Web ou en vous envoyant un e-mail ou une autre communication avant que les modifications ne prennent effet. L&#039;avis d\u00e9signera une p\u00e9riode de temps raisonnable apr\u00e8s laquelle les nouvelles conditions prendront effet.<\/p>\n\n\n\n<p>Si vous n&#039;\u00eates pas d&#039;accord avec nos modifications, vous devez cesser d&#039;utiliser nos Services dans le d\u00e9lai de pr\u00e9avis indiqu\u00e9 ou une fois que les modifications entrent en vigueur.<\/p>\n\n\n\n<p>Votre utilisation continue de nos Services sera soumise aux nouvelles conditions.<\/p>","protected":false},"excerpt":{"rendered":"<p>Date d&#039;entr\u00e9e en vigueur - 6 d\u00e9cembre 2021 Ces conditions r\u00e9gissent votre acc\u00e8s et votre utilisation de tout le contenu, des produits et des services disponibles sur le site Web https:\/\/biancaneveboutique.com (le \u00ab Service \u00bb) exploit\u00e9 par Biancaneve Bridal Boutique (\u00ab nous \u00bb, \u00ab notre \u00bb ou \u00ab nos \u00bb). Votre acc\u00e8s \u00e0 nos services est \u2026<\/p>","protected":false},"author":1,"featured_media":0,"parent":0,"menu_order":0,"comment_status":"closed","ping_status":"closed","template":"","meta":{"_uag_custom_page_level_css":"","ghostkit_customizer_options":"","ghostkit_custom_css":"","ghostkit_custom_js_head":"","ghostkit_custom_js_foot":"","ghostkit_typography":"","footnotes":""},"class_list":["post-6636","page","type-page","status-publish","hentry"],"aioseo_notices":[],"uagb_featured_image_src":{"full":false,"thumbnail":false,"medium":false,"medium_large":false,"large":false,"1536x1536":false,"2048x2048":false,"trp-custom-language-flag":false,"turez_blog_thumb_1":false,"awb_sm":false,"awb_md":false,"awb_lg":false,"awb_xl":false},"uagb_author_info":{"display_name":"digitalindia","author_link":"https:\/\/www.biancaneveboutique.com\/fr\/author\/digitalindia\/"},"uagb_comment_info":0,"uagb_excerpt":"Effective date &#8211; December 6, 2021 These Terms govern your access to, usage of all content, Product and Services available at https:\/\/biancaneveboutique.com website (the \u201cService\u201d) operated by Biancaneve Bridal Boutique (\u201cus\u201d, \u201cwe\u201d, or \u201cour\u201d). Your access to our services are ...","_links":{"self":[{"href":"https:\/\/www.biancaneveboutique.com\/fr\/wp-json\/wp\/v2\/pages\/6636"}],"collection":[{"href":"https:\/\/www.biancaneveboutique.com\/fr\/wp-json\/wp\/v2\/pages"}],"about":[{"href":"https:\/\/www.biancaneveboutique.com\/fr\/wp-json\/wp\/v2\/types\/page"}],"author":[{"embeddable":true,"href":"https:\/\/www.biancaneveboutique.com\/fr\/wp-json\/wp\/v2\/users\/1"}],"replies":[{"embeddable":true,"href":"https:\/\/www.biancaneveboutique.com\/fr\/wp-json\/wp\/v2\/comments?post=6636"}],"version-history":[{"count":3,"href":"https:\/\/www.biancaneveboutique.com\/fr\/wp-json\/wp\/v2\/pages\/6636\/revisions"}],"predecessor-version":[{"id":7461,"href":"https:\/\/www.biancaneveboutique.com\/fr\/wp-json\/wp\/v2\/pages\/6636\/revisions\/7461"}],"wp:attachment":[{"href":"https:\/\/www.biancaneveboutique.com\/fr\/wp-json\/wp\/v2\/media?parent=6636"}],"curies":[{"name":"wp","href":"https:\/\/api.w.org\/{rel}","templated":true}]}}