{"id":5641,"date":"2019-10-22T16:19:01","date_gmt":"2019-10-22T15:19:01","guid":{"rendered":"http:\/\/themes.eovo.uk\/turez\/?page_id=5641"},"modified":"2022-01-14T15:33:34","modified_gmt":"2022-01-14T15:33:34","slug":"about-us","status":"publish","type":"page","link":"https:\/\/www.biancaneveboutique.com\/lb\/about-us\/","title":{"rendered":"Iwwert eis"},"content":{"rendered":"<div class=\"ghostkit-grid ghostkit-grid-gap-no ghostkit-grid-with-bg radial-black ghostkit-custom-15HmTK\"><div class=\"nk-awb alignfull\"><div class=\"nk-awb-wrap\" data-awb-type=\"image\" data-awb-image-background-size=\"cover\" data-awb-image-background-position=\"52% 2%\"><div class=\"nk-awb-overlay\" style=\"background-color: rgba(0, 0, 0, 0.43);\"><\/div><div class=\"nk-awb-inner\"><img loading=\"lazy\" decoding=\"async\" src=\"https:\/\/www.biancaneveboutique.com\/wp-content\/uploads\/2021\/12\/AboutUs-Banner.jpg\" class=\"wp-image-7464 jarallax-img\" width=\"2000\" height=\"1029\" srcset=\"https:\/\/www.biancaneveboutique.com\/wp-content\/uploads\/2021\/12\/AboutUs-Banner.jpg 2000w, https:\/\/www.biancaneveboutique.com\/wp-content\/uploads\/2021\/12\/AboutUs-Banner-300x154.jpg 300w, https:\/\/www.biancaneveboutique.com\/wp-content\/uploads\/2021\/12\/AboutUs-Banner-1024x527.jpg 1024w, https:\/\/www.biancaneveboutique.com\/wp-content\/uploads\/2021\/12\/AboutUs-Banner-768x395.jpg 768w, https:\/\/www.biancaneveboutique.com\/wp-content\/uploads\/2021\/12\/AboutUs-Banner-1536x790.jpg 1536w, https:\/\/www.biancaneveboutique.com\/wp-content\/uploads\/2021\/12\/AboutUs-Banner-500x257.jpg 500w, https:\/\/www.biancaneveboutique.com\/wp-content\/uploads\/2021\/12\/AboutUs-Banner-800x412.jpg 800w, https:\/\/www.biancaneveboutique.com\/wp-content\/uploads\/2021\/12\/AboutUs-Banner-1280x659.jpg 1280w, https:\/\/www.biancaneveboutique.com\/wp-content\/uploads\/2021\/12\/AboutUs-Banner-1920x988.jpg 1920w\" sizes=\"(max-width: 2000px) 100vw, 2000px\" \/><\/div><\/div><\/div><div class=\"ghostkit-grid-inner\">\n<div class=\"ghostkit-col ghostkit-col-12 tofront\"><div class=\"ghostkit-col-content is-layout-flow wp-block-grid-column-is-layout-flow\">\n<h5 class=\"has-text-align-right is-style-spaced ghostkit-custom-4XdGO wp-block-heading\"><span class=\"color\" style=\"color:#c6c4c4\">WIE MIR SINN<\/span><\/h5>\n\n\n\n<h2 class=\"has-text-align-right is-style-default ghostkit-custom-6F9UP wp-block-heading\"><span class=\"color\" style=\"color:#fff\">FASZINATIOUN EXPERTEN<\/span><br><span class=\"color\" style=\"color:#fff\">am Domaine vun den Hochz\u00e4itsr\u00e4ck<\/span><\/h2>\n\n\n\n<p class=\"has-text-align-right ghostkit-custom-1TGyaA\" style=\"font-size:18px\"><span class=\"color\" style=\"color:#949494\">Fir d\u2019Gl\u00ebck am onvergiessleschsten Moment  <br>vum Liewen vun enger Braut ze fannen.<\/span><\/p>\n<\/div><\/div>\n<\/div><\/div>\n\n\n\n<div class=\"ghostkit-grid ghostkit-grid-gap-lg ghostkit-grid-with-bg ghostkit-custom-1oyH6b\"><div class=\"nk-awb alignfull\"><div class=\"nk-awb-wrap\" data-awb-type=\"color\"><div class=\"nk-awb-overlay\" style=\"background-color: #000000;\"><\/div><\/div><\/div><div class=\"ghostkit-grid-inner\">\n<div class=\"ghostkit-col ghostkit-col-lg-12 ghostkit-col-4\"><div class=\"ghostkit-col-content is-layout-flow wp-block-grid-column-is-layout-flow\">\n<h6 class=\"is-style-spaced wp-block-heading\"><span class=\"color\" style=\"color:#b2b2b2\">Mir hunn wierklech g\u00e4r, wat mir maachen!<\/span><\/h6>\n\n\n\n<h4 data-gkt-effects=\"{&quot;reveal&quot;:{&quot;x&quot;:0,&quot;y&quot;:0,&quot;opacity&quot;:0,&quot;scale&quot;:1,&quot;transition&quot;:{&quot;type&quot;:&quot;easing&quot;,&quot;duration&quot;:0.9,&quot;delay&quot;:0}}}\" class=\"ghostkit-custom-199r1L wp-block-heading\" ><span class=\"color\" style=\"color:#ffffff\">All Persoun ass eenzegaarteg, an esou sinn hir W\u00ebnsch an Dreem.<\/span><\/h4>\n<\/div><\/div>\n\n\n\n<div class=\"ghostkit-col ghostkit-col-lg-12 ghostkit-col-4\"><div class=\"ghostkit-col-content is-layout-flow wp-block-grid-column-is-layout-flow\">\n<p class=\"has-text-align-left ghostkit-custom-Z19ht8\" style=\"font-size:18px\"><span class=\"color\" style=\"color:#949494\">Mir w\u00ebssen aus Erfahrung, datt mir Iech h\u00ebllefen kennen \u00e4ren Draam ze erf\u00ebllen DEN Hochz\u00e4itsrack fir \u00e4ren Daag ze fannen. An eisen Ae ass d\u2019Hochz\u00e4itskleed en Deel vun \u00e4rer Pers\u00e9inlechkeet, dei all Braut um wichteschsten Daag vun hierem Liewen ausdr\u00e9cken well. Eis zuk\u00fcnfteg Braut kann t\u00ebscht verschiddenen Etiketten an eiser Boutique wielen.<\/span><\/p>\n<\/div><\/div>\n\n\n\n<div class=\"ghostkit-col ghostkit-col-lg-12 ghostkit-col-4\"><div class=\"ghostkit-col-content is-layout-flow wp-block-grid-column-is-layout-flow\">\n<p class=\"ghostkit-custom-2fNHp2\" style=\"font-size:18px\"><span class=\"color\" style=\"color:#949494\">Vun kleng individuell oder internationalen Topmarken bis Haute Couture ass alles dobai. D\u2019Sprechwuert seet, datt d\u2019Braut d\u2019Kleed wielt, mais mir sin iwwerzeecht, datt an Wierklechkeet d\u2019Kleed d\u2019Braut eraussicht!<\/span><\/p>\n<\/div><\/div>\n<\/div><\/div>\n\n\n\n<div class=\"ghostkit-grid ghostkit-grid-gap-lg ghostkit-grid-with-bg ghostkit-custom-2h3wc1\"><div class=\"nk-awb alignfull\"><div class=\"nk-awb-wrap\" data-awb-type=\"image\" data-awb-image-background-size=\"cover\" data-awb-image-background-position=\"50% 50%\" data-awb-parallax=\"scroll\" data-awb-parallax-speed=\"0.8\" data-awb-parallax-mobile=\"false\"><div class=\"nk-awb-inner\"><img loading=\"lazy\" decoding=\"async\" src=\"http:\/\/themes.eovo.uk\/turez\/wp-content\/uploads\/2019\/10\/backsquare2.jpg\" class=\"wp-image-3399 jarallax-img\" width=\"1600\" height=\"1600\" \/><\/div><\/div><\/div><div class=\"ghostkit-grid-inner\">\n<div class=\"ghostkit-col ghostkit-col-lg-12 ghostkit-col-6\"><div class=\"ghostkit-col-content is-layout-flow wp-block-grid-column-is-layout-flow\">\n<h5 data-gkt-effects=\"{&quot;reveal&quot;:{&quot;x&quot;:0,&quot;y&quot;:0,&quot;opacity&quot;:0,&quot;scale&quot;:1,&quot;transition&quot;:{&quot;type&quot;:&quot;easing&quot;,&quot;duration&quot;:0.9,&quot;delay&quot;:0}}}\" class=\"ghostkit-custom-Z1eURP7 wp-block-heading\" >Z\u00e9ckt net, a arrang\u00e9iert e Rendez-vous !!<\/h5>\n\n\n\n<p>Mir k\u00ebnnen Iech mat \u00c4ren Entscheedungen h\u00ebllefen oder all Froen dei Dir hutt be\u00e4ntferten.<\/p>\n\n\n\n<p>Dir k\u00ebnnt eis entweder iwwer E-Mail kontakt\u00e9ieren: info@biancaneveboutique.com oder iwwer Telefon: +352 621 157 052 oder +352 2633 1110<\/p>\n\n\n<div class=\"turez-block-arrow-link\">\n  <a class='animated-arrow' href='https:\/\/www.biancaneveboutique.com\/lb\/contact-us\/'>\n        <span class='the-arrow -left'>\n          <span class='shaft'><\/span>\n        <\/span>\n        <span class='main'>\n          <span class='text'>\n            Kontakt\u00e9iert eis          <\/span>\n          <span class='the-arrow -right'>\n            <span class='shaft'><\/span>\n          <\/span>\n        <\/span>\n      <\/a>\n<\/div>\n<\/div><\/div>\n\n\n\n<div class=\"ghostkit-col ghostkit-col-lg-12 ghostkit-col-6\"><div class=\"ghostkit-col-content is-layout-flow wp-block-grid-column-is-layout-flow\">\n<div data-gkt-effects=\"{&quot;reveal&quot;:{&quot;x&quot;:0,&quot;y&quot;:0,&quot;opacity&quot;:0,&quot;scale&quot;:1,&quot;transition&quot;:{&quot;type&quot;:&quot;easing&quot;,&quot;duration&quot;:0.9,&quot;delay&quot;:0}}}\" class=\"ghostkit-video\" data-video-type=\"yt_vm_video\" data-video=\"https:\/\/www.youtube.com\/watch?v=r60psr7p9bA\" data-video-aspect-ratio=\"4:3\" data-video-volume=\"29\" data-click-action=\"plain\" ><div class=\"ghostkit-video-poster\"><img loading=\"lazy\" decoding=\"async\" src=\"https:\/\/www.biancaneveboutique.com\/wp-content\/uploads\/2021\/12\/BiancaneveBoutique-appointment-1024x681.jpg\" class=\"wp-image-7427\" width=\"1024\" height=\"681\" srcset=\"https:\/\/www.biancaneveboutique.com\/wp-content\/uploads\/2021\/12\/BiancaneveBoutique-appointment-1024x681.jpg 1024w, https:\/\/www.biancaneveboutique.com\/wp-content\/uploads\/2021\/12\/BiancaneveBoutique-appointment-300x199.jpg 300w, https:\/\/www.biancaneveboutique.com\/wp-content\/uploads\/2021\/12\/BiancaneveBoutique-appointment-768x511.jpg 768w, https:\/\/www.biancaneveboutique.com\/wp-content\/uploads\/2021\/12\/BiancaneveBoutique-appointment-500x332.jpg 500w, https:\/\/www.biancaneveboutique.com\/wp-content\/uploads\/2021\/12\/BiancaneveBoutique-appointment-800x532.jpg 800w, https:\/\/www.biancaneveboutique.com\/wp-content\/uploads\/2021\/12\/BiancaneveBoutique-appointment-1280x851.jpg 1280w, https:\/\/www.biancaneveboutique.com\/wp-content\/uploads\/2021\/12\/BiancaneveBoutique-appointment.jpg 1536w\" sizes=\"(max-width: 1024px) 100vw, 1024px\" \/><\/div><div class=\"ghostkit-video-play-icon\"><svg class=\"ghostkit-svg-icon\" width=\"24\" height=\"24\" viewbox=\"0 0 24 24\" fill=\"none\" xmlns=\"http:\/\/www.w3.org\/2000\/svg\"><path d=\"M5 4.83167C5 4.0405 5.87525 3.56266 6.54076 3.99049L17.6915 11.1588C18.3038 11.5525 18.3038 12.4475 17.6915 12.8412L6.54076 20.0095C5.87525 20.4373 5 19.9595 5 19.1683V4.83167Z\" fill=\"currentColor\" stroke=\"currentColor\" stroke-width=\"1.5\" stroke-linecap=\"round\" stroke-linejoin=\"round\"\/><\/svg><\/div><div class=\"ghostkit-video-loading-icon\"><span class=\"ghostkit-svg-icon ghostkit-icon-spinner\"><\/span><\/div><\/div>\n<\/div><\/div>\n<\/div><\/div>\n\n\n\n<div class=\"ghostkit-grid ghostkit-grid-gap-lg ghostkit-grid-with-bg hide-back ghostkit-custom-JHPTU\"><div class=\"nk-awb alignfull\"><div class=\"nk-awb-wrap\" data-awb-type=\"image\" data-awb-image-background-size=\"cover\" data-awb-image-background-position=\"50% 21%\"><div class=\"nk-awb-overlay\" style=\"background-color: rgba(255, 255, 255, 0.61);\"><\/div><div class=\"nk-awb-inner\"><img loading=\"lazy\" decoding=\"async\" src=\"https:\/\/www.biancaneveboutique.com\/wp-content\/uploads\/2019\/10\/backsquare2-e1571915536701.jpg\" class=\"wp-image-3399 jarallax-img\" width=\"1060\" height=\"1600\" srcset=\"https:\/\/www.biancaneveboutique.com\/wp-content\/uploads\/2019\/10\/backsquare2-e1571915536701.jpg 1060w, https:\/\/www.biancaneveboutique.com\/wp-content\/uploads\/2019\/10\/backsquare2-e1571915536701-600x906.jpg 600w, https:\/\/www.biancaneveboutique.com\/wp-content\/uploads\/2019\/10\/backsquare2-e1571915536701-199x300.jpg 199w, https:\/\/www.biancaneveboutique.com\/wp-content\/uploads\/2019\/10\/backsquare2-e1571915536701-678x1024.jpg 678w, https:\/\/www.biancaneveboutique.com\/wp-content\/uploads\/2019\/10\/backsquare2-e1571915536701-768x1159.jpg 768w, https:\/\/www.biancaneveboutique.com\/wp-content\/uploads\/2019\/10\/backsquare2-e1571915536701-1018x1536.jpg 1018w, https:\/\/www.biancaneveboutique.com\/wp-content\/uploads\/2019\/10\/backsquare2-e1571915536701-500x755.jpg 500w, https:\/\/www.biancaneveboutique.com\/wp-content\/uploads\/2019\/10\/backsquare2-e1571915536701-800x1208.jpg 800w\" sizes=\"(max-width: 1060px) 100vw, 1060px\" \/><\/div><\/div><\/div><div class=\"ghostkit-grid-inner\">\n<div class=\"ghostkit-col ghostkit-col-md-12 ghostkit-col-6\"><div class=\"ghostkit-col-content is-layout-flow wp-block-grid-column-is-layout-flow\">\n<h2 data-gkt-effects=\"{&quot;reveal&quot;:{&quot;x&quot;:0,&quot;y&quot;:0,&quot;opacity&quot;:0,&quot;scale&quot;:1,&quot;transition&quot;:{&quot;type&quot;:&quot;easing&quot;,&quot;duration&quot;:0.9,&quot;delay&quot;:0}}}\" class=\"wp-block-heading\" >Wien mir sinn<\/h2>\n\n\n\n<p data-gkt-effects=\"{&quot;reveal&quot;:{&quot;x&quot;:0,&quot;y&quot;:0,&quot;opacity&quot;:0,&quot;scale&quot;:1,&quot;transition&quot;:{&quot;type&quot;:&quot;easing&quot;,&quot;duration&quot;:0.9,&quot;delay&quot;:0}}}\" >D\u2019Biancaneve Bridal Boutique huet sech engag\u00e9iert all Braut d\u00e9i B\u00e4schten S\u00e9lectioun un Hochz\u00e4itskleeder ze pr\u00e9senteieren, dei suergf\u00e4lteg vun eisen Experten erausgesicht goufen.<\/p>\n\n\n\n<p data-gkt-effects=\"{&quot;reveal&quot;:{&quot;x&quot;:0,&quot;y&quot;:0,&quot;opacity&quot;:0,&quot;scale&quot;:1,&quot;transition&quot;:{&quot;type&quot;:&quot;easing&quot;,&quot;duration&quot;:0.9,&quot;delay&quot;:0}}}\" >Eisen Fangerofdrock ass h\u00e9ich Qualit\u00e9it a Confort, aussergew\u00e9inlechen an pers\u00e9inlechen Service.<\/p>\n\n\n\n<p data-gkt-effects=\"{&quot;reveal&quot;:{&quot;x&quot;:0,&quot;y&quot;:0,&quot;opacity&quot;:0,&quot;scale&quot;:1,&quot;transition&quot;:{&quot;type&quot;:&quot;easing&quot;,&quot;duration&quot;:0.9,&quot;delay&quot;:0}}}\" > Eis Missioun ass d\u2019Braut mat h\u00e9chster Professionalit\u00e9it ze f\u00e9ieren fir den perfekten Hochz\u00e4itsrack fir en onvergiesslechen Moment an hirem Liewen ze fannen.<\/p>\n\n\n\n<p data-gkt-effects=\"{&quot;reveal&quot;:{&quot;x&quot;:0,&quot;y&quot;:0,&quot;opacity&quot;:0,&quot;scale&quot;:1,&quot;transition&quot;:{&quot;type&quot;:&quot;easing&quot;,&quot;duration&quot;:0.9,&quot;delay&quot;:0}}}\" >D\u2019\u00cbnnerschr\u00ebft vun eiser Boutique ass, datt eis Kleeder \u00ebmmer virun den Trends verf\u00fcgbar sin.<\/p>\n\n\n<div class=\"turez-block-arrow-link\">\n  <a class='animated-arrow' href='https:\/\/www.biancaneveboutique.com\/lb\/contact-us\/'>\n        <span class='the-arrow -left'>\n          <span class='shaft'><\/span>\n        <\/span>\n        <span class='main'>\n          <span class='text'>\n            Kontakt\u00e9iert eis          <\/span>\n          <span class='the-arrow -right'>\n            <span class='shaft'><\/span>\n          <\/span>\n        <\/span>\n      <\/a>\n<\/div>\n<\/div><\/div>\n\n\n\n<div class=\"ghostkit-col ghostkit-col-md-12 ghostkit-col-6\"><div class=\"ghostkit-col-content is-layout-flow wp-block-grid-column-is-layout-flow\">\n<figure class=\"wp-block-image size-full\"><img loading=\"lazy\" decoding=\"async\" width=\"1000\" height=\"983\" src=\"https:\/\/www.biancaneveboutique.com\/wp-content\/uploads\/2021\/12\/about-biancaneve.jpg\" alt=\"\" class=\"wp-image-7436\" srcset=\"https:\/\/www.biancaneveboutique.com\/wp-content\/uploads\/2021\/12\/about-biancaneve.jpg 1000w, https:\/\/www.biancaneveboutique.com\/wp-content\/uploads\/2021\/12\/about-biancaneve-300x295.jpg 300w, https:\/\/www.biancaneveboutique.com\/wp-content\/uploads\/2021\/12\/about-biancaneve-768x755.jpg 768w, https:\/\/www.biancaneveboutique.com\/wp-content\/uploads\/2021\/12\/about-biancaneve-500x492.jpg 500w, https:\/\/www.biancaneveboutique.com\/wp-content\/uploads\/2021\/12\/about-biancaneve-800x786.jpg 800w\" sizes=\"(max-width: 1000px) 100vw, 1000px\" \/><\/figure>\n<\/div><\/div>\n<\/div><\/div>","protected":false},"excerpt":{"rendered":"","protected":false},"author":1,"featured_media":3298,"parent":0,"menu_order":0,"comment_status":"closed","ping_status":"closed","template":"","meta":{"_uag_custom_page_level_css":"","ghostkit_customizer_options":"","ghostkit_custom_css":"","ghostkit_custom_js_head":"","ghostkit_custom_js_foot":"","ghostkit_typography":"","footnotes":""},"class_list":["post-5641","page","type-page","status-publish","has-post-thumbnail","hentry"],"aioseo_notices":[],"uagb_featured_image_src":{"full":["https:\/\/www.biancaneveboutique.com\/wp-content\/uploads\/2019\/10\/weddingstock-001.jpeg",1800,1088,false],"thumbnail":["https:\/\/www.biancaneveboutique.com\/wp-content\/uploads\/2019\/10\/weddingstock-001-150x150.jpeg",150,150,true],"medium":["https:\/\/www.biancaneveboutique.com\/wp-content\/uploads\/2019\/10\/weddingstock-001-300x181.jpeg",300,181,true],"medium_large":["https:\/\/www.biancaneveboutique.com\/wp-content\/uploads\/2019\/10\/weddingstock-001-768x464.jpeg",768,464,true],"large":["https:\/\/www.biancaneveboutique.com\/wp-content\/uploads\/2019\/10\/weddingstock-001-1024x619.jpeg",1024,619,true],"1536x1536":["https:\/\/www.biancaneveboutique.com\/wp-content\/uploads\/2019\/10\/weddingstock-001-1536x928.jpeg",1536,928,true],"2048x2048":["https:\/\/www.biancaneveboutique.com\/wp-content\/uploads\/2019\/10\/weddingstock-001.jpeg",1800,1088,false],"trp-custom-language-flag":["https:\/\/www.biancaneveboutique.com\/wp-content\/uploads\/2019\/10\/weddingstock-001.jpeg",18,12,false],"turez_blog_thumb_1":["https:\/\/www.biancaneveboutique.com\/wp-content\/uploads\/2019\/10\/weddingstock-001-800x1088.jpeg",800,1088,true],"awb_sm":["https:\/\/www.biancaneveboutique.com\/wp-content\/uploads\/2019\/10\/weddingstock-001-500x302.jpeg",500,302,true],"awb_md":["https:\/\/www.biancaneveboutique.com\/wp-content\/uploads\/2019\/10\/weddingstock-001-800x484.jpeg",800,484,true],"awb_lg":["https:\/\/www.biancaneveboutique.com\/wp-content\/uploads\/2019\/10\/weddingstock-001-1280x774.jpeg",1280,774,true],"awb_xl":["https:\/\/www.biancaneveboutique.com\/wp-content\/uploads\/2019\/10\/weddingstock-001.jpeg",1800,1088,false]},"uagb_author_info":{"display_name":"digitalindia","author_link":"https:\/\/www.biancaneveboutique.com\/lb\/author\/digitalindia\/"},"uagb_comment_info":0,"uagb_excerpt":null,"_links":{"self":[{"href":"https:\/\/www.biancaneveboutique.com\/lb\/wp-json\/wp\/v2\/pages\/5641"}],"collection":[{"href":"https:\/\/www.biancaneveboutique.com\/lb\/wp-json\/wp\/v2\/pages"}],"about":[{"href":"https:\/\/www.biancaneveboutique.com\/lb\/wp-json\/wp\/v2\/types\/page"}],"author":[{"embeddable":true,"href":"https:\/\/www.biancaneveboutique.com\/lb\/wp-json\/wp\/v2\/users\/1"}],"replies":[{"embeddable":true,"href":"https:\/\/www.biancaneveboutique.com\/lb\/wp-json\/wp\/v2\/comments?post=5641"}],"version-history":[{"count":18,"href":"https:\/\/www.biancaneveboutique.com\/lb\/wp-json\/wp\/v2\/pages\/5641\/revisions"}],"predecessor-version":[{"id":8530,"href":"https:\/\/www.biancaneveboutique.com\/lb\/wp-json\/wp\/v2\/pages\/5641\/revisions\/8530"}],"wp:featuredmedia":[{"embeddable":true,"href":"https:\/\/www.biancaneveboutique.com\/lb\/wp-json\/wp\/v2\/media\/3298"}],"wp:attachment":[{"href":"https:\/\/www.biancaneveboutique.com\/lb\/wp-json\/wp\/v2\/media?parent=5641"}],"curies":[{"name":"wp","href":"https:\/\/api.w.org\/{rel}","templated":true}]}}