{"id":6525,"date":"2021-11-21T08:51:25","date_gmt":"2021-11-21T08:51:25","guid":{"rendered":"https:\/\/www.biancaneveboutique.com\/?page_id=6525"},"modified":"2021-11-21T08:54:13","modified_gmt":"2021-11-21T08:54:13","slug":"privacy-policy","status":"publish","type":"page","link":"https:\/\/www.biancaneveboutique.com\/lb\/privacy-policy\/","title":{"rendered":"Privatsph\u00e4r Politik"},"content":{"rendered":"<div class=\"ghostkit-grid ghostkit-grid-gap-md ghostkit-grid-with-bg ghostkit-custom-Z2mgPo5\"><div class=\"nk-awb alignfull\"><div class=\"nk-awb-wrap\" data-awb-type=\"image\" data-awb-image-background-size=\"cover\" data-awb-image-background-position=\"50% 50%\"><div class=\"nk-awb-overlay\" style=\"background-color: rgba(0, 0, 0, 0.9);\"><\/div><div class=\"nk-awb-inner\"><img loading=\"lazy\" decoding=\"async\" src=\"https:\/\/www.biancaneveboutique.com\/wp-content\/uploads\/2019\/10\/posh-texture.jpg\" class=\"wp-image-3461 jarallax-img\" width=\"1600\" height=\"1161\" srcset=\"https:\/\/www.biancaneveboutique.com\/wp-content\/uploads\/2019\/10\/posh-texture.jpg 1600w, https:\/\/www.biancaneveboutique.com\/wp-content\/uploads\/2019\/10\/posh-texture-600x435.jpg 600w, https:\/\/www.biancaneveboutique.com\/wp-content\/uploads\/2019\/10\/posh-texture-300x218.jpg 300w, https:\/\/www.biancaneveboutique.com\/wp-content\/uploads\/2019\/10\/posh-texture-1024x743.jpg 1024w, https:\/\/www.biancaneveboutique.com\/wp-content\/uploads\/2019\/10\/posh-texture-768x557.jpg 768w, https:\/\/www.biancaneveboutique.com\/wp-content\/uploads\/2019\/10\/posh-texture-1536x1115.jpg 1536w, https:\/\/www.biancaneveboutique.com\/wp-content\/uploads\/2019\/10\/posh-texture-500x363.jpg 500w, https:\/\/www.biancaneveboutique.com\/wp-content\/uploads\/2019\/10\/posh-texture-800x581.jpg 800w, https:\/\/www.biancaneveboutique.com\/wp-content\/uploads\/2019\/10\/posh-texture-1280x929.jpg 1280w\" sizes=\"(max-width: 1600px) 100vw, 1600px\" \/><\/div><\/div><\/div><div class=\"ghostkit-grid-inner\">\n<div class=\"ghostkit-col ghostkit-col-12\"><div class=\"ghostkit-col-content is-layout-flow wp-block-grid-column-is-layout-flow\">\n<h2 class=\"has-text-align-center ghostkit-custom-1api9M wp-block-heading\"><span class=\"color\" style=\"color:#fff\">Privatsph\u00e4r Politik<\/span><\/h2>\n\n\n\n<div class=\"wp-block-image ghostkit-custom-Z1OQd7c\"><figure class=\"aligncenter is-resized\"><img loading=\"lazy\" decoding=\"async\" src=\"https:\/\/www.biancaneveboutique.com\/wp-content\/uploads\/2019\/10\/sep1-1.png\" alt=\"\" class=\"wp-image-5625\" width=\"300\" height=\"47\" srcset=\"https:\/\/www.biancaneveboutique.com\/wp-content\/uploads\/2019\/10\/sep1-1.png 600w, https:\/\/www.biancaneveboutique.com\/wp-content\/uploads\/2019\/10\/sep1-1-450x71.png 450w, https:\/\/www.biancaneveboutique.com\/wp-content\/uploads\/2019\/10\/sep1-1-300x47.png 300w, https:\/\/www.biancaneveboutique.com\/wp-content\/uploads\/2019\/10\/sep1-1-500x78.png 500w\" sizes=\"(max-width: 300px) 100vw, 300px\" \/><\/figure><\/div>\n<\/div><\/div>\n<\/div><\/div>\n\n\n\n<div class=\"ghostkit-accordion ghostkit-accordion-0\"><\/div>\n\n\n\n<div class=\"ghostkit-accordion ghostkit-accordion-0\"><\/div>\n\n\n\n<p><\/p>\n\n\n\n<p>W\u00ebllkomm op <a href=\"https:\/\/www.biancaneveboutique.com\/lb\/\">https:\/\/www.biancaneveboutique.com\/<\/a> (de &quot;S\u00e4it&quot;). Mir verstinn datt d&#039;Privatsph\u00e4r online wichteg ass fir d&#039;Benotzer vun eisem Site, besonnesch wann Dir Gesch\u00e4fter maacht. D\u00ebs Erkl\u00e4rung reg\u00e9iert eis Privatsph\u00e4r Politiken mat Respekt fir d\u00e9i Benotzer vum Site (&quot;Besucher&quot;) d\u00e9i besichen ouni Gesch\u00e4fter ze maachen a Besucher d\u00e9i sech registr\u00e9ieren fir Gesch\u00e4fter um Site ze maachen an d\u00e9i verschidde Servicer ze benotzen, d\u00e9i vum Biancaneve Bridal Boutique ugebuede ginn (kollektiv, &quot; Servicer&quot;) (&quot;Autoris\u00e9iert Clienten&quot;).<\/p>\n\n\n\n<h5 class=\"wp-block-heading\">&quot;Pers\u00e9inlech z&#039;identifiz\u00e9ierbar Informatioun&quot;<\/h5>\n\n\n\n<p>bezitt sech op all Informatioun d\u00e9i identifiz\u00e9iert oder benotzt ka ginn fir d&#039;Persoun z&#039;identifiz\u00e9ieren, ze kontakt\u00e9ieren oder ze lokalis\u00e9ieren op d\u00e9i d\u00ebs Informatioun bezitt, inklusiv, awer net limit\u00e9iert op, Numm, Adress, Telefonsnummer, Faxnummer, E-Mail Adress, Finanzprofiler, Sozialvers\u00e9cherung Zuel, a Kreditkaart Informatiounen. Pers\u00e9inlech Identifiz\u00e9ierbar Informatioun enth\u00e4lt keng Informatioun d\u00e9i anonym gesammelt g\u00ebtt (dat heescht ouni Identifikatioun vum individuellen Benotzer) oder demographesch Informatioun d\u00e9i net mat engem identifiz\u00e9ierten Individuum verbonne sinn.<\/p>\n\n\n\n<h5 class=\"wp-block-heading\">W\u00e9i eng pers\u00e9inlech Identifiz\u00e9ierbar Informatioun g\u00ebtt gesammelt?<\/h5>\n\n\n\n<p>Mir k\u00ebnnen Basis Benotzerprofilinformatioun vun all eise Besucher sammelen.<\/p>\n\n\n\n<p>Mir sammelen d\u00e9i folgend zous\u00e4tzlech Informatioun vun eisen Autoris\u00e9ierte Clienten: d&#039;Nimm, Adressen, Telefonsnummeren an E-Mailadressen vun Autoris\u00e9ierte Clienten, d&#039;Natur an d&#039;Gr\u00e9isst vum Gesch\u00e4ft, an d&#039;Natur an d&#039;Gr\u00e9isst vum Werbeinventar, deen den Autoris\u00e9ierte Client w\u00eblles ze kafen oder verkafen.<\/p>\n\n\n\n<h5 class=\"wp-block-heading\">W\u00e9i eng Organisatiounen sammelen d&#039;Informatioun?<\/h5>\n\n\n\n<p>Zous\u00e4tzlech zu eiser direkter Sammlung vun Informatioun, k\u00ebnnen eis Dr\u00ebtt Partei Service Ubidder (w\u00e9i Kreditkaartfirmen, Clearinghousen a Banken) d\u00e9i sou Servicer w\u00e9i Kreditt, Vers\u00e9cherung an Escrow Servicer ubidden, d\u00ebs Informatioun vun eise Besucher an autoris\u00e9ierte Clienten sammelen. Mir kontroll\u00e9ieren net w\u00e9i d\u00ebs Dr\u00ebtt Parteien esou Informatioun benotzen, awer mir froen se ze ver\u00ebffentlechen w\u00e9i se pers\u00e9inlech Informatioune benotzen, d\u00e9i hinnen vu Besucher an Autoris\u00e9ierte Clienten geliwwert ginn. E puer vun d\u00ebsen Dr\u00ebtte k\u00ebnne Verm\u00ebttler sinn, d\u00e9i n\u00ebmmen als Linken an der Verdeelungskette handelen, an d&#039;Informatioun net sp\u00e4icheren, behalen oder benotzen.<\/p>\n\n\n\n<h5 class=\"wp-block-heading\">W\u00e9i benotzt de Site pers\u00e9inlech Identifiz\u00e9ierbar Informatioun?<\/h5>\n\n\n\n<p>Mir benotze pers\u00e9inlech Identifiz\u00e9ierbar Informatioun fir de Site ze personalis\u00e9ieren, fir entspriechend Serviceofferen ze maachen, a fir Ufroen um Site ze kafen a verkafen. Mir k\u00ebnnen Besucher an autoris\u00e9iert Client\u00eb per E-Mail iwwer Fuerschung oder Akafs- a Verkafsm\u00e9iglechkeeten um Site oder Informatioun am Zesummenhang mat dem Thema vum Site E-Mail sch\u00e9cken. Mir k\u00ebnnen och pers\u00e9inlech Identifiz\u00e9ierbar Informatioun benotze fir Besucher an autoris\u00e9iert Clienten an \u00c4ntwert op spezifesch Ufroen ze kontakt\u00e9ieren oder fir ugefrote Informatioun ze liwweren.<\/p>\n\n\n\n<h5 class=\"wp-block-heading\">Mat wiem kann d&#039;Informatioun gedeelt ginn?<\/h5>\n\n\n\n<p>Pers\u00e9inlech z&#039;identifiz\u00e9ierbar Informatioun iwwer autoris\u00e9ierte Cliente k\u00ebnne mat aneren Autoris\u00e9ierte Cliente gedeelt ginn, d\u00e9i potenziell Transaktioune mat aneren Autoris\u00e9ierte Clienten evalu\u00e9iere w\u00ebllen.<\/p>\n\n\n\n<p>Mir k\u00ebnnen aggreg\u00e9iert Informatioun iwwer eis Besucher deelen, dor\u00ebnner d&#039;Demographie vun eise Besucher an autoris\u00e9ierte Clienten, mat eise verbonne Agenturen an Dr\u00ebtt Partei Ubidder.<\/p>\n\n\n\n<p>Mir bidden och d&#039;M\u00e9iglechkeet fir &quot;opt out&quot; fir Informatioun ze kr\u00e9ien oder vun eis kontakt\u00e9iert ze ginn oder vun all Agence, d\u00e9i am Numm handelt.<\/p>\n\n\n\n<h5 class=\"wp-block-heading\">W\u00e9i g\u00ebtt pers\u00e9inlech Identifiz\u00e9ierbar Informatioun gesp\u00e4ichert?<\/h5>\n\n\n\n<p>Pers\u00e9inlech z&#039;identifiz\u00e9ierbar Informatioun gesammelt vun der Biancaneve Bridal Boutique ass s\u00e9cher gesp\u00e4ichert an ass net zoug\u00e4nglech fir Dr\u00ebtt Parteien oder Mataarbechter vun Biancaneve Bridal Boutique ausser fir d&#039;Benotzung w\u00e9i uewen uginn.<\/p>\n\n\n\n<h5 class=\"wp-block-heading\">W\u00e9i eng Choixe sinn fir Besucher verf\u00fcgbar iwwer d&#039;Sammlung, d&#039;Benotzung an d&#039;Verdeelung vun der Informatioun?<\/h5>\n\n\n\n<p>D&#039;Besucher an autoris\u00e9iert Client\u00eb k\u00ebnnen sech entscheeden fir onerw\u00ebnscht Informatioun ze kr\u00e9ien oder vun eis an \/ oder vun eise Verkeefer an verbonne Agenturen ze kontakt\u00e9ieren andeems se op E-Maile reag\u00e9ieren w\u00e9i uginn, oder andeems Dir eis kontakt\u00e9iert op<\/p>\n\n\n\n<h5 class=\"wp-block-heading\">Cookien<\/h5>\n\n\n\n<p>E Cookie ass eng String vun Informatioun d\u00e9i eng Webs\u00e4it um Computer vum Besucher sp\u00e4ichert, an deen de Browser vum Besucher der Webs\u00e4it g\u00ebtt all K\u00e9ier wann de Besucher zr\u00e9ckk\u00ebnnt.<\/p>\n\n\n\n<h5 class=\"wp-block-heading\">Ginn Cookien um Site benotzt?<\/h5>\n\n\n\n<p>Cookies ginn aus verschiddene Gr\u00ebnn benotzt. Mir benotze Cookien fir Informatiounen iwwer d&#039;Astellunge vun eise Besucher ze kr\u00e9ien an d&#039;Servicer d\u00e9i se auswielen. Mir benotzen och Cookien fir S\u00e9cherheetszwecker fir eis Autoris\u00e9iert Clienten ze sch\u00fctzen. Zum Beispill, wann en Autoris\u00e9ierte Client ageloggt ass an de Site fir m\u00e9i w\u00e9i 10 Minutten onbenotzt ass, w\u00e4erte mir den Autoris\u00e9ierte Client automatesch ausloggen. Besucher, d\u00e9i keng Cookien op hire Computer setzen w\u00ebllen, sollten hire Browser astellen fir Cookien ze refus\u00e9ieren ier se se benotzen <a href=\"https:\/\/www.biancaneveboutique.com\/lb\/\">https:\/\/www.biancaneveboutique.com<\/a>, mam Nodeel datt verschidde Funktiounen vun der Webs\u00e4it net richteg funktion\u00e9iere k\u00ebnnen ouni d&#039;H\u00ebllef vu Cookien.<\/p>\n\n\n\n<h5 class=\"wp-block-heading\">Cookies vun eise Serviceprovider benotzt<\/h5>\n\n\n\n<p>Eis D\u00e9ngschtleeschter benotzen Cookien an d\u00ebs Cookien k\u00ebnnen op \u00c4rem Computer gesp\u00e4ichert ginn wann Dir eis Webs\u00e4it besicht. Dir fannt m\u00e9i Detailer iwwer w\u00e9i eng Cookien op eiser Cookie Info S\u00e4it benotzt ginn.<\/p>\n\n\n\n<h5 class=\"wp-block-heading\">W\u00e9i benotzt Biancaneve Bridal Boutique Umeldungsinformatiounen?<\/h5>\n\n\n\n<p>Biancaneve Bridal Boutique benotzt Umeldungsinformatiounen, inklusiv, awer net limit\u00e9iert op, IP Adressen, ISPs, a Browsertypen, fir Trends ze analys\u00e9ieren, de Site ze verwalten, d&#039;Bewegung an d&#039;Benotzung vun engem Benotzer ze verfolgen, a breet demographesch Informatioun ze sammelen.<\/p>\n\n\n\n<h5 class=\"wp-block-heading\">W\u00e9i eng Partner oder D\u00e9ngschtleeschter hunn Zougang zu Pers\u00e9inlech Identifiz\u00e9ierbar Informatioun vu Besucher an\/oder autoris\u00e9ierte Clienten um Site?<\/h5>\n\n\n\n<p>Biancaneve Bridal Boutique ass agaangen a w\u00e4ert weider Partnerschaften an aner Associatiounen mat enger Zuel vu Verkeefer aginn. Esou Ubidder k\u00ebnnen Zougang zu best\u00ebmmte Pers\u00e9inlech Identifiz\u00e9ierbar Informatioun hunn op e Besoin fir d&#039;Basis ze kennen fir autoris\u00e9iert Client\u00eb fir d&#039;Berechtegung ze bew\u00e4erten. Eis Privatsph\u00e4r Politik deckt net hir Sammlung oder Notzung vun d\u00ebser Informatioun. Offenbarung vu Pers\u00e9inlech Identifiz\u00e9ierbar Informatioun fir dem Gesetz ze respekt\u00e9ieren. Mir w\u00e4erte pers\u00e9inlech Identifiz\u00e9ierbar Informatioun ver\u00ebffentlechen fir e Geriichtsuerdnung oder Uerder oder eng Ufro vun enger Affekotagentur z&#039;erhalen fir Informatioun ze ver\u00ebffentlechen. Mir w\u00e4erten och pers\u00e9inlech Identifiz\u00e9ierbar Informatioun ver\u00ebffentlechen wann et vern\u00fcnfteg n\u00e9ideg ass fir d&#039;S\u00e9cherheet vun eise Besucher an autoris\u00e9ierte Clienten ze sch\u00fctzen.<\/p>\n\n\n\n<h5 class=\"wp-block-heading\">W\u00e9i h\u00e4lt de Site pers\u00e9inlech Identifiz\u00e9ierbar Informatioun s\u00e9cher?<\/h5>\n\n\n\n<p>All eis Mataarbechter si mat eiser S\u00e9cherheetspolitik a Praktiken vertraut. D\u00e9i pers\u00e9inlech z&#039;identifiz\u00e9ierbar Informatioun vun eise Besucher an autoris\u00e9ierte Clienten ass n\u00ebmmen zoug\u00e4nglech fir eng limit\u00e9iert Zuel vu qualifiz\u00e9ierten Mataarbechter, d\u00e9i e Passwuert kr\u00e9ien fir Zougang zu der Informatioun ze kr\u00e9ien. Mir kontroll\u00e9ieren eis S\u00e9cherheetssystemer a Prozesser regelm\u00e9isseg. Sensibel Informatioun, w\u00e9i Kredittkaartnummeren oder Sozialvers\u00e9cherungsnummeren, ass gesch\u00fctzt duerch Verschl\u00ebsselungsprotokoller, op der Plaz fir Informatioun ze sch\u00fctzen d\u00e9i iwwer den Internet gesch\u00e9ckt g\u00ebtt. W\u00e4rend mir kommerziell raisonnabel Moossnamen huelen fir e s\u00e9chere Site z&#039;erhalen, elektronesch Kommunikatiounen an Datenbanken \u00ebnnerleien Feeler, Tamperen an Abroch, a mir k\u00ebnnen net garant\u00e9ieren oder garant\u00e9ieren datt esou Eventer net stattfannen a mir w\u00e4erten net haftbar fir Besucher oder Autoris\u00e9iert Client\u00eb fir esou Optriede.<\/p>\n\n\n\n<h5 class=\"wp-block-heading\">W\u00e9i k\u00ebnnen d&#039;Besucher all Ongenauegkeeten a pers\u00e9inlech erkennbarer Informatioun korrig\u00e9ieren?<\/h5>\n\n\n\n<p>Besucher an autoris\u00e9iert Client\u00eb k\u00ebnnen eis kontakt\u00e9iere fir pers\u00e9inlech z&#039;identifiz\u00e9ierbar Informatioun iwwer si ze aktualis\u00e9ieren oder all Ongenauegkeeten ze korrig\u00e9ieren andeems Dir eis per E-Mail sch\u00e9ckt <a href=\"mailto:info@biancaneveboutique.com\">info@biancaneveboutique.com<\/a>.<\/p>\n\n\n\n<h5 class=\"wp-block-heading\">Kann e Besucher pers\u00e9inlech Identifiz\u00e9ierbar Informatioun, d\u00e9i vum Site gesammelt g\u00ebtt, l\u00e4schen oder deaktiv\u00e9ieren?<\/h5>\n\n\n\n<p>Mir bidden de Besucher an autoris\u00e9ierte Clienten e Mechanismus fir pers\u00e9inlech Identifiz\u00e9ierbar Informatioun aus der Datebank vum Site ze l\u00e4schen \/ deaktiv\u00e9ieren andeems Dir kontakt\u00e9iert. W\u00e9i och \u00ebmmer, w\u00e9inst Backups an Opzeechnunge vu L\u00e4schen, kann et onm\u00e9iglech sinn e Besucher Entr\u00e9e ze l\u00e4schen ouni e puer Reschtinformatioun ze behalen. En Individuum deen Ufro fir pers\u00e9inlech Identifiz\u00e9ierbar Informatioun desaktiv\u00e9iere w\u00e4ert d\u00ebs Informatioun funktionell gel\u00e4scht kr\u00e9ien, a mir w\u00e4erte keng pers\u00e9inlech Identifiz\u00e9ierbar Informatioun betreffend d\u00ebsen Individuum verkafen, transfer\u00e9ieren oder benotzen op iergendeng Man\u00e9ier no vir.<\/p>\n\n\n\n<h5 class=\"wp-block-heading\">\u00c4r Rechter<\/h5>\n\n\n\n<p>D\u00ebst sinn zesummegefaasst Rechter d\u00e9i Dir \u00ebnner Dateschutzgesetz hutt<\/p>\n\n\n\n<ul class=\"wp-block-list\"><li>D&#039;Recht op Zougang<\/li><li>D&#039;Recht op Rectifikatioun<\/li><li>D&#039;Recht op L\u00e4schen<\/li><li>D&#039;Recht d&#039;Veraarbechtung ze beschr\u00e4nken<\/li><li>D&#039;Recht op d&#039;Veraarbechtung ze protest\u00e9ieren<\/li><li>D&#039;Recht op Dateportabilit\u00e9it<\/li><li>D&#039;Recht op eng Iwwerwaachungsautorit\u00e9it ze beschw\u00e9ieren<\/li><li>D&#039;Recht d&#039;Zoust\u00ebmmung zr\u00e9ckz\u00e9ien<\/li><\/ul>\n\n\n\n<h5 class=\"wp-block-heading\">Wat geschitt wann d&#039;Privatsph\u00e4r Politik \u00e4nnert?<\/h5>\n\n\n\n<p>Mir loossen eise Besucher an autoris\u00e9ierte Clienten iwwer \u00c4nnerungen un eiser Dateschutzpolitik w\u00ebssen andeems se esou \u00c4nnerungen um Site posten. W\u00e9i och \u00ebmmer, wa mir eis Privatsph\u00e4r Politik \u00e4nneren op eng Man\u00e9ier d\u00e9i d&#039;Ver\u00ebffentlechung vu pers\u00e9inlechen identifiz\u00e9ierbaren Informatioune verursaache kann, d\u00e9i e Besucher oder autoris\u00e9ierte Client virdru gefrot huet net opgedeckt ze ginn, kontakt\u00e9iere mir d\u00ebse Besucher oder autoris\u00e9ierte Client fir sou engem Besucher oder autoris\u00e9ierte Client ze verh\u00ebnneren. esou Offenbarung.<\/p>\n\n\n\n<h5 class=\"wp-block-heading\">Linken:<\/h5>\n\n\n\n<p><a href=\"https:\/\/www.biancaneveboutique.com\/lb\/\">https:\/\/www.biancaneveboutique.com\/<\/a> enth\u00e4lt Linken op aner Webs\u00e4iten. Not\u00e9iert w.e.g. datt wann Dir op ee vun d\u00ebse Linken klickt, gitt Dir op eng aner Webs\u00e4it. Mir encourag\u00e9ieren Iech d&#039;Privatsph\u00e4r Aussoen vun d\u00ebse verlinkte Siten ze liesen well hir Privatsph\u00e4r Politiken vun eis \u00ebnnerscheede k\u00ebnnen.<\/p>","protected":false},"excerpt":{"rendered":"<p>W\u00ebllkomm op https:\/\/www.biancaneveboutique.com\/ (de &quot;Site&quot;). Mir verstinn datt d&#039;Privatsph\u00e4r online wichteg ass fir d&#039;Benotzer vun eisem Site, besonnesch wann Dir Gesch\u00e4fter maacht. D\u00ebs Erkl\u00e4rung reg\u00e9iert eis Privatsph\u00e4r Politiken mat Respekt fir d\u00e9i Benotzer vum Site (&quot;Besucher&quot;) d\u00e9i besichen ouni Transaktiounen ...<\/p>","protected":false},"author":1,"featured_media":0,"parent":0,"menu_order":0,"comment_status":"closed","ping_status":"closed","template":"","meta":{"_uag_custom_page_level_css":"","ghostkit_customizer_options":"","ghostkit_custom_css":"","ghostkit_custom_js_head":"","ghostkit_custom_js_foot":"","ghostkit_typography":"","footnotes":""},"class_list":["post-6525","page","type-page","status-publish","hentry"],"aioseo_notices":[],"uagb_featured_image_src":{"full":false,"thumbnail":false,"medium":false,"medium_large":false,"large":false,"1536x1536":false,"2048x2048":false,"trp-custom-language-flag":false,"turez_blog_thumb_1":false,"awb_sm":false,"awb_md":false,"awb_lg":false,"awb_xl":false},"uagb_author_info":{"display_name":"digitalindia","author_link":"https:\/\/www.biancaneveboutique.com\/lb\/author\/digitalindia\/"},"uagb_comment_info":0,"uagb_excerpt":"Welcome to https:\/\/www.biancaneveboutique.com\/ (the \u201cSite\u201d). We understand that privacy online is important to users of our Site, especially when conducting business. This statement governs our privacy policies with respect to those users of the Site (\u201cVisitors\u201d) who visit without transacting ...","_links":{"self":[{"href":"https:\/\/www.biancaneveboutique.com\/lb\/wp-json\/wp\/v2\/pages\/6525"}],"collection":[{"href":"https:\/\/www.biancaneveboutique.com\/lb\/wp-json\/wp\/v2\/pages"}],"about":[{"href":"https:\/\/www.biancaneveboutique.com\/lb\/wp-json\/wp\/v2\/types\/page"}],"author":[{"embeddable":true,"href":"https:\/\/www.biancaneveboutique.com\/lb\/wp-json\/wp\/v2\/users\/1"}],"replies":[{"embeddable":true,"href":"https:\/\/www.biancaneveboutique.com\/lb\/wp-json\/wp\/v2\/comments?post=6525"}],"version-history":[{"count":2,"href":"https:\/\/www.biancaneveboutique.com\/lb\/wp-json\/wp\/v2\/pages\/6525\/revisions"}],"predecessor-version":[{"id":6528,"href":"https:\/\/www.biancaneveboutique.com\/lb\/wp-json\/wp\/v2\/pages\/6525\/revisions\/6528"}],"wp:attachment":[{"href":"https:\/\/www.biancaneveboutique.com\/lb\/wp-json\/wp\/v2\/media?parent=6525"}],"curies":[{"name":"wp","href":"https:\/\/api.w.org\/{rel}","templated":true}]}}