{"id":6636,"date":"2021-11-25T16:40:13","date_gmt":"2021-11-25T16:40:13","guid":{"rendered":"https:\/\/www.biancaneveboutique.com\/?page_id=6636"},"modified":"2021-12-06T04:04:21","modified_gmt":"2021-12-06T04:04:21","slug":"terms-of-use","status":"publish","type":"page","link":"https:\/\/www.biancaneveboutique.com\/lb\/terms-of-use\/","title":{"rendered":"Benotzungsconditiounen"},"content":{"rendered":"<div class=\"ghostkit-grid ghostkit-grid-gap-md ghostkit-grid-with-bg ghostkit-custom-Z2mgPo5\"><div class=\"nk-awb alignfull\"><div class=\"nk-awb-wrap\" data-awb-type=\"image\" data-awb-image-background-size=\"cover\" data-awb-image-background-position=\"50% 50%\"><div class=\"nk-awb-overlay\" style=\"background-color: rgba(0, 0, 0, 0.9);\"><\/div><div class=\"nk-awb-inner\"><img loading=\"lazy\" decoding=\"async\" src=\"https:\/\/www.biancaneveboutique.com\/wp-content\/uploads\/2019\/10\/posh-texture.jpg\" class=\"wp-image-3461 jarallax-img\" width=\"1600\" height=\"1161\" srcset=\"https:\/\/www.biancaneveboutique.com\/wp-content\/uploads\/2019\/10\/posh-texture.jpg 1600w, https:\/\/www.biancaneveboutique.com\/wp-content\/uploads\/2019\/10\/posh-texture-600x435.jpg 600w, https:\/\/www.biancaneveboutique.com\/wp-content\/uploads\/2019\/10\/posh-texture-300x218.jpg 300w, https:\/\/www.biancaneveboutique.com\/wp-content\/uploads\/2019\/10\/posh-texture-1024x743.jpg 1024w, https:\/\/www.biancaneveboutique.com\/wp-content\/uploads\/2019\/10\/posh-texture-768x557.jpg 768w, https:\/\/www.biancaneveboutique.com\/wp-content\/uploads\/2019\/10\/posh-texture-1536x1115.jpg 1536w, https:\/\/www.biancaneveboutique.com\/wp-content\/uploads\/2019\/10\/posh-texture-500x363.jpg 500w, https:\/\/www.biancaneveboutique.com\/wp-content\/uploads\/2019\/10\/posh-texture-800x581.jpg 800w, https:\/\/www.biancaneveboutique.com\/wp-content\/uploads\/2019\/10\/posh-texture-1280x929.jpg 1280w\" sizes=\"(max-width: 1600px) 100vw, 1600px\" \/><\/div><\/div><\/div><div class=\"ghostkit-grid-inner\">\n<div class=\"ghostkit-col ghostkit-col-12\"><div class=\"ghostkit-col-content is-layout-flow wp-block-grid-column-is-layout-flow\">\n<h2 class=\"has-text-align-center ghostkit-custom-1api9M wp-block-heading\"><span class=\"color\" style=\"color:#fff\">Benotzungsconditiounen<\/span><\/h2>\n\n\n\n<div class=\"wp-block-image ghostkit-custom-Z1OQd7c\"><figure class=\"aligncenter is-resized\"><img loading=\"lazy\" decoding=\"async\" src=\"https:\/\/www.biancaneveboutique.com\/wp-content\/uploads\/2019\/10\/sep1-1.png\" alt=\"\" class=\"wp-image-5625\" width=\"300\" height=\"47\" srcset=\"https:\/\/www.biancaneveboutique.com\/wp-content\/uploads\/2019\/10\/sep1-1.png 600w, https:\/\/www.biancaneveboutique.com\/wp-content\/uploads\/2019\/10\/sep1-1-450x71.png 450w, https:\/\/www.biancaneveboutique.com\/wp-content\/uploads\/2019\/10\/sep1-1-300x47.png 300w, https:\/\/www.biancaneveboutique.com\/wp-content\/uploads\/2019\/10\/sep1-1-500x78.png 500w\" sizes=\"(max-width: 300px) 100vw, 300px\" \/><\/figure><\/div>\n<\/div><\/div>\n<\/div><\/div>\n\n\n\n<div class=\"ghostkit-accordion ghostkit-accordion-0\"><\/div>\n\n\n\n<div class=\"ghostkit-accordion ghostkit-accordion-0\"><\/div>\n\n\n\n<p><\/p>\n\n\n\n<p>Effektiv Datum - Dezember 6, 2021<\/p>\n\n\n\n<p>D\u00ebs Konditioune regl\u00e9ieren \u00c4ren Zougang zu, Notzung vun all Inhalt, Produkter a Servicer verf\u00fcgbar op https:\/\/biancaneveboutique.com Webs\u00e4it (de &quot;Service&quot;) bedriwwe vun Biancaneve Bridal Boutique (&quot;eis&quot;, &quot;mir&quot;, oder &quot;eis&quot;). .<\/p>\n\n\n\n<p>\u00c4ren Zougang zu eise Servicer \u00ebnnerleien \u00c4r Akzeptanz, ouni \u00c4nnerung, vun all de Bed\u00e9ngungen, d\u00e9i hei enthale sinn an all aner Operatiounsregelen a Politiken d\u00e9i publiz\u00e9iert ginn an d\u00e9i vun Z\u00e4it zu Z\u00e4it vun eis publiz\u00e9iert k\u00ebnne ginn.<\/p>\n\n\n\n<p>Liest w.e.g. den Ofkommes virsiichteg ier Dir Zougang zu eise Servicer benotzt oder benotzt. Andeems Dir en Deel vun eise Servicer Zougang oder benotzt, sidd Dir averstanen vun d\u00ebse Konditioune gebonnen ze sinn. Wann Dir net mat engem Deel vun de Konditioune vum Ofkommes averstane sidd, da k\u00ebnnt Dir net op eise Servicer kommen oder benotzen.<\/p>\n\n\n\n<h5 class=\"wp-block-heading\">Intellektuell Propri\u00e9t\u00e9it<\/h5>\n\n\n\n<p>D&#039;Ofkommes iwwerdroen net vun Eis un Iech eng vun Eis oder Dr\u00ebtt Partei intellektuell Propri\u00e9t\u00e9it, an all Recht, Titel, an Interessi an an esou Propri\u00e9t\u00e9it bleift (w\u00e9i t\u00ebscht de Parteien) eleng mat Biancaneve Bridal Boutique a seng Lizenzgeber.<\/p>\n\n\n\n<h5 class=\"wp-block-heading\">Dr\u00ebtt Partei Servicer<\/h5>\n\n\n\n<p>Wann Dir d&#039;Servicer benotzt, k\u00ebnnt Dir Dr\u00ebtt-Partei-Servicer, Produkter, Software, Embeds oder Uwendungen benotzen, d\u00e9i vun enger Dr\u00ebtt Partei entw\u00e9ckelt goufen (&quot;Dr\u00ebtt Partei Services&quot;).<\/p>\n\n\n\n<p>Wann Dir Dr\u00ebtt Partei Servicer benotzt, verstitt Dir datt:<\/p>\n\n\n\n<ul class=\"wp-block-list\"><li>All Notzung vun engem Dr\u00ebtt Partei Service ass op \u00c4ren eegene Risiko, a mir sinn net verantwortlech oder haftbar fir jiddereen fir Dr\u00ebtt Partei Webs\u00e4iten oder Servicer.<\/li><li>Dir erkennt an averstanen datt Mir net verantwortlech oder haftbar sinn fir all Schued oder Verloscht verursaacht oder behaapt ze ginn duerch oder a Verbindung mat der Notzung vun esou Inhalter, Wueren oder Servicer verf\u00fcgbar op oder iwwer sou Webs\u00e4iten oder Servicer.<\/li><\/ul>\n\n\n\n<h5 class=\"wp-block-heading\">Konten<\/h5>\n\n\n\n<p>Wou d&#039;Benotzung vun engem Deel vun eise Servicer e Kont erfuerdert, averstanen Dir eis komplett a korrekt Informatioun ze ginn wann Dir Iech fir e Kont registr\u00e9iert.<\/p>\n\n\n\n<p>Dir sidd eleng verantwortlech a haftbar fir all Aktivit\u00e9it d\u00e9i \u00ebnner \u00c4rem Kont geschitt. Dir sidd verantwortlech fir \u00c4r Kontinformatioun um neiste Stand ze halen an \u00c4ert Passwuert s\u00e9cher ze halen.<\/p>\n\n\n\n<p>Dir sidd verantwortlech fir d&#039;S\u00e9cherheet vun \u00c4rem Kont z&#039;erhalen, deen Dir benotzt fir Zougang zum Service ze kr\u00e9ien. Dir d\u00e4erft \u00c4r Zougangsdaten net deelen oder m\u00ebssbrauchen. Dir musst eis direkt vun all onerlaabten Notzung vun \u00c4rem Kont inform\u00e9ieren oder wann Dir bewosst sidd iwwer all aner S\u00e9cherheetsverletzung.<\/p>\n\n\n\n<h5 class=\"wp-block-heading\">Terminatioun<\/h5>\n\n\n\n<p>Mir k\u00ebnnen \u00c4ren Zougang zu all oder en Deel vun eise Servicer zu all Moment, mat oder ouni Ursaach, mat oder ouni Pr\u00e9avis, direkt effektiv ofbriechen oder suspend\u00e9ieren.<\/p>\n\n\n\n<p>Wann Dir w\u00ebllt d&#039;Ofkommes oder \u00c4re Biancaneve Bridal Boutique Kont ofzeschl\u00e9issen, k\u00ebnnt Dir einfach ophale mat eise Servicer.<\/p>\n\n\n\n<p>All Best\u00ebmmunge vum Ofkommes, d\u00e9i duerch hir Natur d&#039;K\u00ebnnegung iwwerliewe sollen, iwwerliewen d&#039;K\u00ebnnegung, inklusiv, ouni Aschr\u00e4nkung, Eegentumsbest\u00ebmmungen, Garantie Verzichterkl\u00e4rungen, Entschiedegung a Limitatioune vun der Haftung.<\/p>\n\n\n\n<h5 class=\"wp-block-heading\">\u00c4nnerungen<\/h5>\n\n\n\n<p>Biancaneve Bridal Boutique beh\u00e4lt sech d&#039;Recht, no eisem eegene Wonsch, d\u00ebs Konditioune zu all Moment z&#039;\u00e4nneren oder ze ersetzen.<\/p>\n\n\n\n<p>Wa mir \u00c4nnerungen maachen, d\u00e9i materiell sinn, w\u00e4erte mir Iech matdeelen andeems Dir op eiser Webs\u00e4it postt, oder andeems Dir Iech eng E-Mail oder aner Kommunikatioun sch\u00e9ckt ier d&#039;\u00c4nnerungen a Kraaft trieden. D&#039;Notiz w\u00e4ert eng raisonnabel Z\u00e4it uginn, no d\u00e4r d\u00e9i nei Konditioune a Kraaft trieden.<\/p>\n\n\n\n<p>Wann Dir mat eisen \u00c4nnerungen net averstane sidd, da sollt Dir ophalen eis Servicer bannent der design\u00e9ierter Notifikatiounsperiod ze benotzen, oder eemol d&#039;\u00c4nnerungen effektiv ginn.<\/p>\n\n\n\n<p>\u00c4r weider Notzung vun eise Servicer w\u00e4ert den neie Konditioune \u00ebnnerleien.<\/p>","protected":false},"excerpt":{"rendered":"<p>Effektiv Datum - Dezember 6, 2021 D\u00ebs Konditioune regl\u00e9ieren \u00c4ren Zougang zu, Notzung vun all Inhalt, Produkter a Servicer verf\u00fcgbar op https:\/\/biancaneveboutique.com Webs\u00e4it (de &quot;Service&quot;) bedriwwe vun Biancaneve Bridal Boutique (&quot;eis&quot;, &quot;mir &quot;, oder &quot;eis&quot;). \u00c4ren Zougang zu eise Servicer sinn ...<\/p>","protected":false},"author":1,"featured_media":0,"parent":0,"menu_order":0,"comment_status":"closed","ping_status":"closed","template":"","meta":{"_uag_custom_page_level_css":"","ghostkit_customizer_options":"","ghostkit_custom_css":"","ghostkit_custom_js_head":"","ghostkit_custom_js_foot":"","ghostkit_typography":"","footnotes":""},"class_list":["post-6636","page","type-page","status-publish","hentry"],"aioseo_notices":[],"uagb_featured_image_src":{"full":false,"thumbnail":false,"medium":false,"medium_large":false,"large":false,"1536x1536":false,"2048x2048":false,"trp-custom-language-flag":false,"turez_blog_thumb_1":false,"awb_sm":false,"awb_md":false,"awb_lg":false,"awb_xl":false},"uagb_author_info":{"display_name":"digitalindia","author_link":"https:\/\/www.biancaneveboutique.com\/lb\/author\/digitalindia\/"},"uagb_comment_info":0,"uagb_excerpt":"Effective date &#8211; December 6, 2021 These Terms govern your access to, usage of all content, Product and Services available at https:\/\/biancaneveboutique.com website (the \u201cService\u201d) operated by Biancaneve Bridal Boutique (\u201cus\u201d, \u201cwe\u201d, or \u201cour\u201d). Your access to our services are ...","_links":{"self":[{"href":"https:\/\/www.biancaneveboutique.com\/lb\/wp-json\/wp\/v2\/pages\/6636"}],"collection":[{"href":"https:\/\/www.biancaneveboutique.com\/lb\/wp-json\/wp\/v2\/pages"}],"about":[{"href":"https:\/\/www.biancaneveboutique.com\/lb\/wp-json\/wp\/v2\/types\/page"}],"author":[{"embeddable":true,"href":"https:\/\/www.biancaneveboutique.com\/lb\/wp-json\/wp\/v2\/users\/1"}],"replies":[{"embeddable":true,"href":"https:\/\/www.biancaneveboutique.com\/lb\/wp-json\/wp\/v2\/comments?post=6636"}],"version-history":[{"count":3,"href":"https:\/\/www.biancaneveboutique.com\/lb\/wp-json\/wp\/v2\/pages\/6636\/revisions"}],"predecessor-version":[{"id":7461,"href":"https:\/\/www.biancaneveboutique.com\/lb\/wp-json\/wp\/v2\/pages\/6636\/revisions\/7461"}],"wp:attachment":[{"href":"https:\/\/www.biancaneveboutique.com\/lb\/wp-json\/wp\/v2\/media?parent=6636"}],"curies":[{"name":"wp","href":"https:\/\/api.w.org\/{rel}","templated":true}]}}