{"id":8620,"date":"2024-09-07T12:45:36","date_gmt":"2024-09-07T12:45:36","guid":{"rendered":"https:\/\/www.biancaneveboutique.com\/?page_id=8620"},"modified":"2024-09-08T09:23:19","modified_gmt":"2024-09-08T09:23:19","slug":"made-in-luxembourg","status":"publish","type":"page","link":"https:\/\/www.biancaneveboutique.com\/lb\/made-in-luxembourg\/","title":{"rendered":"Made In Luxembourg"},"content":{"rendered":"<div class=\"ghostkit-grid ghostkit-grid-gap-md ghostkit-grid-with-bg ghostkit-custom-Z2uxCR5\"><div class=\"nk-awb alignfull\"><div class=\"nk-awb-wrap\" data-awb-type=\"image\" data-awb-image-background-size=\"cover\" data-awb-image-background-position=\"50% 50%\"><div class=\"nk-awb-overlay\" style=\"background: rgba(0, 0, 0, 0.9);\"><\/div><div class=\"nk-awb-inner\"><img loading=\"lazy\" decoding=\"async\" src=\"https:\/\/www.biancaneveboutique.com\/wp-content\/uploads\/2019\/10\/posh-texture.jpg\" class=\"wp-image-3461 jarallax-img\" width=\"1600\" height=\"1161\" srcset=\"https:\/\/www.biancaneveboutique.com\/wp-content\/uploads\/2019\/10\/posh-texture.jpg 1600w, https:\/\/www.biancaneveboutique.com\/wp-content\/uploads\/2019\/10\/posh-texture-600x435.jpg 600w, https:\/\/www.biancaneveboutique.com\/wp-content\/uploads\/2019\/10\/posh-texture-300x218.jpg 300w, https:\/\/www.biancaneveboutique.com\/wp-content\/uploads\/2019\/10\/posh-texture-1024x743.jpg 1024w, https:\/\/www.biancaneveboutique.com\/wp-content\/uploads\/2019\/10\/posh-texture-768x557.jpg 768w, https:\/\/www.biancaneveboutique.com\/wp-content\/uploads\/2019\/10\/posh-texture-1536x1115.jpg 1536w, https:\/\/www.biancaneveboutique.com\/wp-content\/uploads\/2019\/10\/posh-texture-500x363.jpg 500w, https:\/\/www.biancaneveboutique.com\/wp-content\/uploads\/2019\/10\/posh-texture-800x581.jpg 800w, https:\/\/www.biancaneveboutique.com\/wp-content\/uploads\/2019\/10\/posh-texture-1280x929.jpg 1280w\" sizes=\"(max-width: 1600px) 100vw, 1600px\" \/><\/div><\/div><\/div><div class=\"ghostkit-grid-inner\">\n<div class=\"ghostkit-col ghostkit-col-12\"><div class=\"ghostkit-col-content is-layout-flow wp-block-grid-column-is-layout-flow\">\n<h2 class=\"wp-block-heading has-text-align-center ghostkit-custom-ZLzgph\" id=\"made-in-luxembourg\"><span class=\"color\" style=\"color:#fff\">Made In Luxembourg<\/span><\/h2>\n\n\n<div class=\"wp-block-image is-resized ghostkit-custom-6tYSu\">\n<figure class=\"aligncenter\"><img loading=\"lazy\" decoding=\"async\" width=\"600\" height=\"94\" src=\"https:\/\/www.biancaneveboutique.com\/wp-content\/uploads\/2019\/10\/sep1-1.png\" alt=\"\" class=\"wp-image-5625\" srcset=\"https:\/\/www.biancaneveboutique.com\/wp-content\/uploads\/2019\/10\/sep1-1.png 600w, https:\/\/www.biancaneveboutique.com\/wp-content\/uploads\/2019\/10\/sep1-1-450x71.png 450w, https:\/\/www.biancaneveboutique.com\/wp-content\/uploads\/2019\/10\/sep1-1-300x47.png 300w, https:\/\/www.biancaneveboutique.com\/wp-content\/uploads\/2019\/10\/sep1-1-500x78.png 500w\" sizes=\"(max-width: 600px) 100vw, 600px\" \/><\/figure><\/div>\n\n\n<p><\/p>\n<\/div><\/div>\n<\/div><\/div>\n\n\n\n<div class=\"ghostkit-grid ghostkit-grid-gap-lg ghostkit-grid-justify-content-center ghostkit-grid-with-bg ghostkit-custom-2h3wc1\"><div class=\"nk-awb alignfull\"><div class=\"nk-awb-wrap\" data-awb-type=\"color\"><div class=\"nk-awb-overlay\" style=\"background: #f6f6f6;\"><\/div><\/div><\/div><div class=\"ghostkit-grid-inner\">\n<div class=\"ghostkit-col ghostkit-col-lg-12 ghostkit-col-10 ghostkit-col-order ghostkit-col-align-self-center ghostkit-col-with-bg\"><div class=\"nk-awb\"><div class=\"nk-awb-wrap\" data-awb-type=\"color\"><div class=\"nk-awb-overlay\" style=\"background: #f6f6f6;\"><\/div><\/div><\/div><div class=\"ghostkit-col-content is-layout-flow wp-block-grid-column-is-layout-flow\">\n<p class=\"has-text-align-center has-dark-grey-color has-text-color\" style=\"font-size:17px\">W\u00ebllkomm op Biancaneve Design wou modern Raffiness\u00e9ierung entspr\u00e9cht Exklusivit\u00e9it. Mir spezialis\u00e9iert fir eenzegaarteg Owend Kleeder ze kre\u00e9ieren, Hochz\u00e4itskleeder, an zivil Hochz\u00e4itsoutfits, aus de sch\u00e9inste Materialien aus Italien a Frankr\u00e4ich gemaach. All St\u00e9ck ass eng Reflexioun vu Luxus an markantem Stil, suergf\u00e4lteg entworf fir all Occasioun wierklech speziell ze maachen.<\/p>\n\n\n\n<p class=\"has-text-align-center has-dark-grey-color has-text-color\" style=\"font-size:17px\">Stolz mam Label &quot;Made in Luxembourg&quot; droen eis Kollektiounen d\u00e9i h\u00e9chste Standarde vum Handwierk an Opmierksamkeet op Detailer. Egal ob fir \u00c4ren Hochz\u00e4itsdag oder e speziellen Event, eis personalis\u00e9iert Designs suergen datt Dir mat z\u00e4itgen\u00ebssesche Raffiness\u00e9ierung a Flair erausst\u00e9cht.<\/p>\n\n\n\n<p class=\"has-text-align-center has-dark-grey-color has-text-color\" style=\"font-size:26px\">Erlieft d&#039;Konscht vun der exklusiver Moud mam Biancaneve Design.<\/p>\n<\/div><\/div>\n<\/div><\/div>\n\n\n\n<p><\/p>\n\n\n\n<p><\/p>\n\n\n\n<p><\/p>\n\n\n\n<p><\/p>\n\n\n<style type=\"text\/css\">\n#foogallery-gallery-8637 .fg-image { width: 350px; }\n#foogallery-gallery-8637 { --fg-gutter: 20px; }<\/style>\n\t\t\t<div class=\"foogallery foogallery-container foogallery-default foogallery-lightbox-foobox fg-center fg-m-col1 fg-default fg-ready fg-light fg-loading-dots fg-loaded-slide-up fg-c-c\" id=\"foogallery-gallery-8637\" data-foogallery=\"{&quot;item&quot;:{&quot;showCaptionTitle&quot;:false,&quot;showCaptionDescription&quot;:false},&quot;lazy&quot;:true}\" style=\"--fg-title-line-clamp: 0; --fg-description-line-clamp: 0;\" >\n\t<div class=\"fg-item fg-type-image fg-idle\"><figure class=\"fg-item-inner\"><a href=\"https:\/\/www.biancaneveboutique.com\/wp-content\/uploads\/2024\/09\/11-new.jpg\" data-attachment-id=\"8957\" data-type=\"image\" class=\"fg-thumb\"><span class=\"fg-image-wrap\"><img fetchpriority=\"high\" decoding=\"async\" width=\"350\" height=\"500\" class=\"skip-lazy fg-image\" data-src-fg=\"https:\/\/www.biancaneveboutique.com\/wp-content\/uploads\/cache\/2024\/09\/11-new\/3230089907.jpg\" src=\"data:image\/svg+xml,%3Csvg%20xmlns%3D%22http%3A%2F%2Fwww.w3.org%2F2000%2Fsvg%22%20width%3D%22350%22%20height%3D%22500%22%20viewBox%3D%220%200%20350%20500%22%3E%3C%2Fsvg%3E\" loading=\"eager\"><\/span><span class=\"fg-image-overlay\"><\/span><\/a><\/figure><div class=\"fg-loader\"><\/div><\/div><div class=\"fg-item fg-type-image fg-idle\"><figure class=\"fg-item-inner\"><a href=\"https:\/\/www.biancaneveboutique.com\/wp-content\/uploads\/2024\/09\/10-new.jpg\" data-attachment-id=\"8956\" data-type=\"image\" class=\"fg-thumb\"><span class=\"fg-image-wrap\"><img decoding=\"async\" width=\"350\" height=\"500\" class=\"skip-lazy fg-image\" data-src-fg=\"https:\/\/www.biancaneveboutique.com\/wp-content\/uploads\/cache\/2024\/09\/10-new\/3250901479.jpg\" src=\"data:image\/svg+xml,%3Csvg%20xmlns%3D%22http%3A%2F%2Fwww.w3.org%2F2000%2Fsvg%22%20width%3D%22350%22%20height%3D%22500%22%20viewBox%3D%220%200%20350%20500%22%3E%3C%2Fsvg%3E\" loading=\"eager\"><\/span><span class=\"fg-image-overlay\"><\/span><\/a><\/figure><div class=\"fg-loader\"><\/div><\/div><div class=\"fg-item fg-type-image fg-idle\"><figure class=\"fg-item-inner\"><a href=\"https:\/\/www.biancaneveboutique.com\/wp-content\/uploads\/2024\/09\/9-new.jpg\" data-attachment-id=\"8955\" data-type=\"image\" class=\"fg-thumb\"><span class=\"fg-image-wrap\"><img decoding=\"async\" width=\"350\" height=\"500\" class=\"skip-lazy fg-image\" data-src-fg=\"https:\/\/www.biancaneveboutique.com\/wp-content\/uploads\/cache\/2024\/09\/9-new\/2211039923.jpg\" src=\"data:image\/svg+xml,%3Csvg%20xmlns%3D%22http%3A%2F%2Fwww.w3.org%2F2000%2Fsvg%22%20width%3D%22350%22%20height%3D%22500%22%20viewBox%3D%220%200%20350%20500%22%3E%3C%2Fsvg%3E\" loading=\"eager\"><\/span><span class=\"fg-image-overlay\"><\/span><\/a><\/figure><div class=\"fg-loader\"><\/div><\/div><div class=\"fg-item fg-type-image fg-idle\"><figure class=\"fg-item-inner\"><a href=\"https:\/\/www.biancaneveboutique.com\/wp-content\/uploads\/2024\/09\/8-new.jpg\" data-attachment-id=\"8954\" data-type=\"image\" class=\"fg-thumb\"><span class=\"fg-image-wrap\"><img decoding=\"async\" width=\"350\" height=\"500\" class=\"skip-lazy fg-image\" data-src-fg=\"https:\/\/www.biancaneveboutique.com\/wp-content\/uploads\/cache\/2024\/09\/8-new\/1090521949.jpg\" src=\"data:image\/svg+xml,%3Csvg%20xmlns%3D%22http%3A%2F%2Fwww.w3.org%2F2000%2Fsvg%22%20width%3D%22350%22%20height%3D%22500%22%20viewBox%3D%220%200%20350%20500%22%3E%3C%2Fsvg%3E\" loading=\"eager\"><\/span><span class=\"fg-image-overlay\"><\/span><\/a><\/figure><div class=\"fg-loader\"><\/div><\/div><div class=\"fg-item fg-type-image fg-idle\"><figure class=\"fg-item-inner\"><a href=\"https:\/\/www.biancaneveboutique.com\/wp-content\/uploads\/2024\/09\/7-new.jpg\" data-attachment-id=\"8953\" data-type=\"image\" class=\"fg-thumb\"><span class=\"fg-image-wrap\"><img decoding=\"async\" width=\"350\" height=\"500\" class=\"skip-lazy fg-image\" data-src-fg=\"https:\/\/www.biancaneveboutique.com\/wp-content\/uploads\/cache\/2024\/09\/7-new\/1726100202.jpg\" src=\"data:image\/svg+xml,%3Csvg%20xmlns%3D%22http%3A%2F%2Fwww.w3.org%2F2000%2Fsvg%22%20width%3D%22350%22%20height%3D%22500%22%20viewBox%3D%220%200%20350%20500%22%3E%3C%2Fsvg%3E\" loading=\"eager\"><\/span><span class=\"fg-image-overlay\"><\/span><\/a><\/figure><div class=\"fg-loader\"><\/div><\/div><div class=\"fg-item fg-type-image fg-idle\"><figure class=\"fg-item-inner\"><a href=\"https:\/\/www.biancaneveboutique.com\/wp-content\/uploads\/2024\/09\/6-new.jpg\" data-attachment-id=\"8952\" data-type=\"image\" class=\"fg-thumb\"><span class=\"fg-image-wrap\"><img decoding=\"async\" width=\"350\" height=\"500\" class=\"skip-lazy fg-image\" data-src-fg=\"https:\/\/www.biancaneveboutique.com\/wp-content\/uploads\/cache\/2024\/09\/6-new\/2754343684.jpg\" src=\"data:image\/svg+xml,%3Csvg%20xmlns%3D%22http%3A%2F%2Fwww.w3.org%2F2000%2Fsvg%22%20width%3D%22350%22%20height%3D%22500%22%20viewBox%3D%220%200%20350%20500%22%3E%3C%2Fsvg%3E\" loading=\"eager\"><\/span><span class=\"fg-image-overlay\"><\/span><\/a><\/figure><div class=\"fg-loader\"><\/div><\/div><div class=\"fg-item fg-type-image fg-idle\"><figure class=\"fg-item-inner\"><a href=\"https:\/\/www.biancaneveboutique.com\/wp-content\/uploads\/2024\/09\/5-new.jpg\" data-attachment-id=\"8951\" data-type=\"image\" class=\"fg-thumb\"><span class=\"fg-image-wrap\"><img decoding=\"async\" width=\"350\" height=\"500\" class=\"skip-lazy fg-image\" data-src-fg=\"https:\/\/www.biancaneveboutique.com\/wp-content\/uploads\/cache\/2024\/09\/5-new\/939571063.jpg\" src=\"data:image\/svg+xml,%3Csvg%20xmlns%3D%22http%3A%2F%2Fwww.w3.org%2F2000%2Fsvg%22%20width%3D%22350%22%20height%3D%22500%22%20viewBox%3D%220%200%20350%20500%22%3E%3C%2Fsvg%3E\" loading=\"eager\"><\/span><span class=\"fg-image-overlay\"><\/span><\/a><\/figure><div class=\"fg-loader\"><\/div><\/div><div class=\"fg-item fg-type-image fg-idle\"><figure class=\"fg-item-inner\"><a href=\"https:\/\/www.biancaneveboutique.com\/wp-content\/uploads\/2024\/09\/21.jpg\" data-attachment-id=\"8659\" data-type=\"image\" class=\"fg-thumb\"><span class=\"fg-image-wrap\"><img decoding=\"async\" width=\"350\" height=\"500\" class=\"skip-lazy fg-image\" data-src-fg=\"https:\/\/www.biancaneveboutique.com\/wp-content\/uploads\/cache\/2024\/09\/21\/45458064.jpg\" src=\"data:image\/svg+xml,%3Csvg%20xmlns%3D%22http%3A%2F%2Fwww.w3.org%2F2000%2Fsvg%22%20width%3D%22350%22%20height%3D%22500%22%20viewBox%3D%220%200%20350%20500%22%3E%3C%2Fsvg%3E\" loading=\"eager\"><\/span><span class=\"fg-image-overlay\"><\/span><\/a><\/figure><div class=\"fg-loader\"><\/div><\/div><div class=\"fg-item fg-type-image fg-idle\"><figure class=\"fg-item-inner\"><a href=\"https:\/\/www.biancaneveboutique.com\/wp-content\/uploads\/2024\/09\/20.jpg\" data-attachment-id=\"8658\" data-type=\"image\" class=\"fg-thumb\"><span class=\"fg-image-wrap\"><img decoding=\"async\" width=\"350\" height=\"500\" class=\"skip-lazy fg-image\" data-src-fg=\"https:\/\/www.biancaneveboutique.com\/wp-content\/uploads\/cache\/2024\/09\/20\/3619092971.jpg\" src=\"data:image\/svg+xml,%3Csvg%20xmlns%3D%22http%3A%2F%2Fwww.w3.org%2F2000%2Fsvg%22%20width%3D%22350%22%20height%3D%22500%22%20viewBox%3D%220%200%20350%20500%22%3E%3C%2Fsvg%3E\" loading=\"eager\"><\/span><span class=\"fg-image-overlay\"><\/span><\/a><\/figure><div class=\"fg-loader\"><\/div><\/div><div class=\"fg-item fg-type-image fg-idle\"><figure class=\"fg-item-inner\"><a href=\"https:\/\/www.biancaneveboutique.com\/wp-content\/uploads\/2024\/09\/19.jpg\" data-attachment-id=\"8657\" data-type=\"image\" class=\"fg-thumb\"><span class=\"fg-image-wrap\"><img decoding=\"async\" width=\"350\" height=\"500\" class=\"skip-lazy fg-image\" data-src-fg=\"https:\/\/www.biancaneveboutique.com\/wp-content\/uploads\/cache\/2024\/09\/19\/1885373078.jpg\" src=\"data:image\/svg+xml,%3Csvg%20xmlns%3D%22http%3A%2F%2Fwww.w3.org%2F2000%2Fsvg%22%20width%3D%22350%22%20height%3D%22500%22%20viewBox%3D%220%200%20350%20500%22%3E%3C%2Fsvg%3E\" loading=\"eager\"><\/span><span class=\"fg-image-overlay\"><\/span><\/a><\/figure><div class=\"fg-loader\"><\/div><\/div><div class=\"fg-item fg-type-image fg-idle\"><figure class=\"fg-item-inner\"><a href=\"https:\/\/www.biancaneveboutique.com\/wp-content\/uploads\/2024\/09\/18.jpg\" data-attachment-id=\"8655\" data-type=\"image\" class=\"fg-thumb\"><span class=\"fg-image-wrap\"><img decoding=\"async\" width=\"350\" height=\"500\" class=\"skip-lazy fg-image\" data-src-fg=\"https:\/\/www.biancaneveboutique.com\/wp-content\/uploads\/cache\/2024\/09\/18\/2409117122.jpg\" src=\"data:image\/svg+xml,%3Csvg%20xmlns%3D%22http%3A%2F%2Fwww.w3.org%2F2000%2Fsvg%22%20width%3D%22350%22%20height%3D%22500%22%20viewBox%3D%220%200%20350%20500%22%3E%3C%2Fsvg%3E\" loading=\"eager\"><\/span><span class=\"fg-image-overlay\"><\/span><\/a><\/figure><div class=\"fg-loader\"><\/div><\/div><div class=\"fg-item fg-type-image fg-idle\"><figure class=\"fg-item-inner\"><a href=\"https:\/\/www.biancaneveboutique.com\/wp-content\/uploads\/2024\/09\/17.jpg\" data-attachment-id=\"8654\" data-type=\"image\" class=\"fg-thumb\"><span class=\"fg-image-wrap\"><img decoding=\"async\" width=\"350\" height=\"500\" class=\"skip-lazy fg-image\" data-src-fg=\"https:\/\/www.biancaneveboutique.com\/wp-content\/uploads\/cache\/2024\/09\/17\/1326546059.jpg\" src=\"data:image\/svg+xml,%3Csvg%20xmlns%3D%22http%3A%2F%2Fwww.w3.org%2F2000%2Fsvg%22%20width%3D%22350%22%20height%3D%22500%22%20viewBox%3D%220%200%20350%20500%22%3E%3C%2Fsvg%3E\" loading=\"eager\"><\/span><span class=\"fg-image-overlay\"><\/span><\/a><\/figure><div class=\"fg-loader\"><\/div><\/div><div class=\"fg-item fg-type-image fg-idle\"><figure class=\"fg-item-inner\"><a href=\"https:\/\/www.biancaneveboutique.com\/wp-content\/uploads\/2024\/09\/16.jpg\" data-attachment-id=\"8653\" data-type=\"image\" class=\"fg-thumb\"><span class=\"fg-image-wrap\"><img decoding=\"async\" width=\"350\" height=\"500\" class=\"skip-lazy fg-image\" data-src-fg=\"https:\/\/www.biancaneveboutique.com\/wp-content\/uploads\/cache\/2024\/09\/16\/3487956910.jpg\" src=\"data:image\/svg+xml,%3Csvg%20xmlns%3D%22http%3A%2F%2Fwww.w3.org%2F2000%2Fsvg%22%20width%3D%22350%22%20height%3D%22500%22%20viewBox%3D%220%200%20350%20500%22%3E%3C%2Fsvg%3E\" loading=\"eager\"><\/span><span class=\"fg-image-overlay\"><\/span><\/a><\/figure><div class=\"fg-loader\"><\/div><\/div><div class=\"fg-item fg-type-image fg-idle\"><figure class=\"fg-item-inner\"><a href=\"https:\/\/www.biancaneveboutique.com\/wp-content\/uploads\/2024\/09\/15.jpg\" data-attachment-id=\"8652\" data-type=\"image\" class=\"fg-thumb\"><span class=\"fg-image-wrap\"><img decoding=\"async\" width=\"350\" height=\"500\" class=\"skip-lazy fg-image\" data-src-fg=\"https:\/\/www.biancaneveboutique.com\/wp-content\/uploads\/cache\/2024\/09\/15\/1489216424.jpg\" src=\"data:image\/svg+xml,%3Csvg%20xmlns%3D%22http%3A%2F%2Fwww.w3.org%2F2000%2Fsvg%22%20width%3D%22350%22%20height%3D%22500%22%20viewBox%3D%220%200%20350%20500%22%3E%3C%2Fsvg%3E\" loading=\"eager\"><\/span><span class=\"fg-image-overlay\"><\/span><\/a><\/figure><div class=\"fg-loader\"><\/div><\/div><div class=\"fg-item fg-type-image fg-idle\"><figure class=\"fg-item-inner\"><a href=\"https:\/\/www.biancaneveboutique.com\/wp-content\/uploads\/2024\/09\/14.jpg\" data-attachment-id=\"8651\" data-type=\"image\" class=\"fg-thumb\"><span class=\"fg-image-wrap\"><img decoding=\"async\" width=\"350\" height=\"500\" class=\"skip-lazy fg-image\" data-src-fg=\"https:\/\/www.biancaneveboutique.com\/wp-content\/uploads\/cache\/2024\/09\/14\/3197259545.jpg\" src=\"data:image\/svg+xml,%3Csvg%20xmlns%3D%22http%3A%2F%2Fwww.w3.org%2F2000%2Fsvg%22%20width%3D%22350%22%20height%3D%22500%22%20viewBox%3D%220%200%20350%20500%22%3E%3C%2Fsvg%3E\" loading=\"eager\"><\/span><span class=\"fg-image-overlay\"><\/span><\/a><\/figure><div class=\"fg-loader\"><\/div><\/div><div class=\"fg-item fg-type-image fg-idle\"><figure class=\"fg-item-inner\"><a href=\"https:\/\/www.biancaneveboutique.com\/wp-content\/uploads\/2024\/09\/13.jpg\" data-attachment-id=\"8650\" data-type=\"image\" class=\"fg-thumb\"><span class=\"fg-image-wrap\"><img decoding=\"async\" width=\"350\" height=\"500\" class=\"skip-lazy fg-image\" data-src-fg=\"https:\/\/www.biancaneveboutique.com\/wp-content\/uploads\/cache\/2024\/09\/13\/2919112165.jpg\" src=\"data:image\/svg+xml,%3Csvg%20xmlns%3D%22http%3A%2F%2Fwww.w3.org%2F2000%2Fsvg%22%20width%3D%22350%22%20height%3D%22500%22%20viewBox%3D%220%200%20350%20500%22%3E%3C%2Fsvg%3E\" loading=\"eager\"><\/span><span class=\"fg-image-overlay\"><\/span><\/a><\/figure><div class=\"fg-loader\"><\/div><\/div><div class=\"fg-item fg-type-image fg-idle\"><figure class=\"fg-item-inner\"><a href=\"https:\/\/www.biancaneveboutique.com\/wp-content\/uploads\/2024\/09\/12.jpg\" data-attachment-id=\"8649\" data-type=\"image\" class=\"fg-thumb\"><span class=\"fg-image-wrap\"><img decoding=\"async\" width=\"350\" height=\"500\" class=\"skip-lazy fg-image\" data-src-fg=\"https:\/\/www.biancaneveboutique.com\/wp-content\/uploads\/cache\/2024\/09\/12\/1708008986.jpg\" src=\"data:image\/svg+xml,%3Csvg%20xmlns%3D%22http%3A%2F%2Fwww.w3.org%2F2000%2Fsvg%22%20width%3D%22350%22%20height%3D%22500%22%20viewBox%3D%220%200%20350%20500%22%3E%3C%2Fsvg%3E\" loading=\"eager\"><\/span><span class=\"fg-image-overlay\"><\/span><\/a><\/figure><div class=\"fg-loader\"><\/div><\/div><div class=\"fg-item fg-type-image fg-idle\"><figure class=\"fg-item-inner\"><a href=\"https:\/\/www.biancaneveboutique.com\/wp-content\/uploads\/2024\/09\/4.jpg\" data-attachment-id=\"8641\" data-type=\"image\" class=\"fg-thumb\"><span class=\"fg-image-wrap\"><img decoding=\"async\" width=\"350\" height=\"500\" class=\"skip-lazy fg-image\" data-src-fg=\"https:\/\/www.biancaneveboutique.com\/wp-content\/uploads\/cache\/2024\/09\/4\/359753456.jpg\" src=\"data:image\/svg+xml,%3Csvg%20xmlns%3D%22http%3A%2F%2Fwww.w3.org%2F2000%2Fsvg%22%20width%3D%22350%22%20height%3D%22500%22%20viewBox%3D%220%200%20350%20500%22%3E%3C%2Fsvg%3E\" loading=\"eager\"><\/span><span class=\"fg-image-overlay\"><\/span><\/a><\/figure><div class=\"fg-loader\"><\/div><\/div><div class=\"fg-item fg-type-image fg-idle\"><figure class=\"fg-item-inner\"><a href=\"https:\/\/www.biancaneveboutique.com\/wp-content\/uploads\/2024\/09\/3.jpg\" data-attachment-id=\"8640\" data-type=\"image\" class=\"fg-thumb\"><span class=\"fg-image-wrap\"><img decoding=\"async\" width=\"350\" height=\"500\" class=\"skip-lazy fg-image\" data-src-fg=\"https:\/\/www.biancaneveboutique.com\/wp-content\/uploads\/cache\/2024\/09\/3\/3671718783.jpg\" src=\"data:image\/svg+xml,%3Csvg%20xmlns%3D%22http%3A%2F%2Fwww.w3.org%2F2000%2Fsvg%22%20width%3D%22350%22%20height%3D%22500%22%20viewBox%3D%220%200%20350%20500%22%3E%3C%2Fsvg%3E\" loading=\"eager\"><\/span><span class=\"fg-image-overlay\"><\/span><\/a><\/figure><div class=\"fg-loader\"><\/div><\/div><div class=\"fg-item fg-type-image fg-idle\"><figure class=\"fg-item-inner\"><a href=\"https:\/\/www.biancaneveboutique.com\/wp-content\/uploads\/2024\/09\/2.jpg\" data-attachment-id=\"8639\" data-type=\"image\" class=\"fg-thumb\"><span class=\"fg-image-wrap\"><img decoding=\"async\" width=\"350\" height=\"500\" class=\"skip-lazy fg-image\" data-src-fg=\"https:\/\/www.biancaneveboutique.com\/wp-content\/uploads\/cache\/2024\/09\/2\/43603769.jpg\" src=\"data:image\/svg+xml,%3Csvg%20xmlns%3D%22http%3A%2F%2Fwww.w3.org%2F2000%2Fsvg%22%20width%3D%22350%22%20height%3D%22500%22%20viewBox%3D%220%200%20350%20500%22%3E%3C%2Fsvg%3E\" loading=\"eager\"><\/span><span class=\"fg-image-overlay\"><\/span><\/a><\/figure><div class=\"fg-loader\"><\/div><\/div><div class=\"fg-item fg-type-image fg-idle\"><figure class=\"fg-item-inner\"><a href=\"https:\/\/www.biancaneveboutique.com\/wp-content\/uploads\/2024\/09\/1.jpg\" data-attachment-id=\"8638\" data-type=\"image\" class=\"fg-thumb\"><span class=\"fg-image-wrap\"><img decoding=\"async\" width=\"350\" height=\"500\" class=\"skip-lazy fg-image\" data-src-fg=\"https:\/\/www.biancaneveboutique.com\/wp-content\/uploads\/cache\/2024\/09\/1\/1232847948.jpg\" src=\"data:image\/svg+xml,%3Csvg%20xmlns%3D%22http%3A%2F%2Fwww.w3.org%2F2000%2Fsvg%22%20width%3D%22350%22%20height%3D%22500%22%20viewBox%3D%220%200%20350%20500%22%3E%3C%2Fsvg%3E\" loading=\"eager\"><\/span><span class=\"fg-image-overlay\"><\/span><\/a><\/figure><div class=\"fg-loader\"><\/div><\/div><\/div>","protected":false},"excerpt":{"rendered":"","protected":false},"author":4,"featured_media":0,"parent":0,"menu_order":0,"comment_status":"closed","ping_status":"closed","template":"","meta":{"_uag_custom_page_level_css":"","ghostkit_customizer_options":"","ghostkit_custom_css":"","ghostkit_custom_js_head":"","ghostkit_custom_js_foot":"","ghostkit_typography":"","footnotes":""},"class_list":["post-8620","page","type-page","status-publish","hentry"],"aioseo_notices":[],"uagb_featured_image_src":{"full":false,"thumbnail":false,"medium":false,"medium_large":false,"large":false,"1536x1536":false,"2048x2048":false,"trp-custom-language-flag":false,"turez_blog_thumb_1":false,"awb_sm":false,"awb_md":false,"awb_lg":false,"awb_xl":false},"uagb_author_info":{"display_name":"Rajeev","author_link":"https:\/\/www.biancaneveboutique.com\/lb\/author\/rajeev\/"},"uagb_comment_info":0,"uagb_excerpt":null,"_links":{"self":[{"href":"https:\/\/www.biancaneveboutique.com\/lb\/wp-json\/wp\/v2\/pages\/8620"}],"collection":[{"href":"https:\/\/www.biancaneveboutique.com\/lb\/wp-json\/wp\/v2\/pages"}],"about":[{"href":"https:\/\/www.biancaneveboutique.com\/lb\/wp-json\/wp\/v2\/types\/page"}],"author":[{"embeddable":true,"href":"https:\/\/www.biancaneveboutique.com\/lb\/wp-json\/wp\/v2\/users\/4"}],"replies":[{"embeddable":true,"href":"https:\/\/www.biancaneveboutique.com\/lb\/wp-json\/wp\/v2\/comments?post=8620"}],"version-history":[{"count":7,"href":"https:\/\/www.biancaneveboutique.com\/lb\/wp-json\/wp\/v2\/pages\/8620\/revisions"}],"predecessor-version":[{"id":8663,"href":"https:\/\/www.biancaneveboutique.com\/lb\/wp-json\/wp\/v2\/pages\/8620\/revisions\/8663"}],"wp:attachment":[{"href":"https:\/\/www.biancaneveboutique.com\/lb\/wp-json\/wp\/v2\/media?parent=8620"}],"curies":[{"name":"wp","href":"https:\/\/api.w.org\/{rel}","templated":true}]}}